{"id":94,"date":"2014-06-20T16:58:45","date_gmt":"2014-06-20T14:58:45","guid":{"rendered":"http:\/\/costa-vertical.com\/?page_id=94"},"modified":"2020-02-23T16:01:01","modified_gmt":"2020-02-23T15:01:01","slug":"about_us","status":"publish","type":"page","link":"http:\/\/costa-vertical.com\/de\/about_us\/","title":{"rendered":"\u00dcber uns"},"content":{"rendered":"<p><strong><img loading=\"lazy\" decoding=\"async\" class=\"ngg-singlepic ngg-left alignleft\" src=\"http:\/\/costa-vertical.com\/wp-content\/gallery\/magical-mystery-tour-parle\/IMG_8103-1.jpg\" alt=\"IMG_8103\" width=\"210\" height=\"315\"><\/strong><\/p>\n<p><strong>Kristina Beigang<\/strong><\/p>\n<p>\u201cTr\u00e4ume nicht Dein Leben, lebe Deinen Traum\u201d \u2013 Die Costa Blanca sollte dies f\u00fcr mich m\u00f6glich machen. Ende 2011 zog mich dieser K\u00fcstenstreifen mit seinen beeindruckenden Wander- und Kletterm\u00f6glichkeiten in seinen Bann, und ich entschied mich, zu bleiben. Nach einiger Zeit der Orientierung war es f\u00fcr mich klar, dass hier an der Costa Blanca ein Traum wahr werden sollte \u2013 das Leben zwischen Bergen und Meer, sowie das Arbeiten in und mit der Natur. Ich bin zertifizierte Natursport- und Erlebnisp\u00e4dagogin sowie \u00dcbungsleiterin \u201cSportklettern\u201d f\u00fcr den \u00d6sterreichischen Alpenverein. F\u00fcr diesen bin ich au\u00dferdem als \u201cTourenf\u00fchrer-Anw\u00e4rterin\u201d t\u00e4tig.<\/p>\n<p><strong>Anthony Pearson<\/strong><strong><a href=\"http:\/\/costa-vertical.com\/about_us\/11154783_10153769480659951_3781114575987527481_o\/#main\" rel=\"attachment wp-att-1611\"><img loading=\"lazy\" decoding=\"async\" class=\" wp-image-1611 alignright\" src=\"http:\/\/costa-vertical.com\/wp-content\/uploads\/11154783_10153769480659951_3781114575987527481_o.jpg\" alt=\"11154783_10153769480659951_3781114575987527481_o\" width=\"221\" height=\"332\" srcset=\"http:\/\/costa-vertical.com\/wp-content\/uploads\/11154783_10153769480659951_3781114575987527481_o.jpg 1365w, http:\/\/costa-vertical.com\/wp-content\/uploads\/11154783_10153769480659951_3781114575987527481_o-453x680.jpg 453w, http:\/\/costa-vertical.com\/wp-content\/uploads\/11154783_10153769480659951_3781114575987527481_o-683x1024.jpg 683w\" sizes=\"(max-width: 221px) 100vw, 221px\" \/><\/a><\/strong><\/p>\n<p>Nachdem es mich \u00fcber 10 Jahre hinweg immer wieder an die Costa Blanca gezogen hatte, wohne ich nun direkt in dem gr\u00f6\u00dften Klettergebiet der Costa Blanca, dem Tal von Sella. Zuvor war ich Berufssoldat in der Britischen Armee. Als \u201cOutdoor-Instruktor\u201d bei der Armee habe ich vor allem mit Jugendlichen gearbeitet und zudem Aus- und Weiterbildungskurse in verschiedenen Natursportarten f\u00fcr Milit\u00e4rangeh\u00f6rige durchgef\u00fchrt. Meine Begeisterung gilt dem Bergsport und die Costa Blanca ist der idealen Ort, meine Leidenschaft auszuleben.<\/p>","protected":false},"excerpt":{"rendered":"<p>Kristina Beigang \u201cTr\u00e4ume nicht Dein Leben, lebe Deinen Traum\u201d \u2013 Die Costa Blanca sollte dies f\u00fcr mich m\u00f6glich machen. Ende 2011 zog mich dieser K\u00fcstenstreifen mit seinen beeindruckenden Wander- und <a class=\"more-link\" href=\"http:\/\/costa-vertical.com\/de\/about_us\/\">Continue Reading \u2192<\/a><\/p>\n","protected":false},"author":1,"featured_media":935,"parent":0,"menu_order":0,"comment_status":"closed","ping_status":"closed","template":"","meta":{"ngg_post_thumbnail":0,"footnotes":""},"class_list":["post-94","page","type-page","status-publish","has-post-thumbnail","hentry"],"aioseo_notices":[],"_links":{"self":[{"href":"http:\/\/costa-vertical.com\/de\/wp-json\/wp\/v2\/pages\/94"}],"collection":[{"href":"http:\/\/costa-vertical.com\/de\/wp-json\/wp\/v2\/pages"}],"about":[{"href":"http:\/\/costa-vertical.com\/de\/wp-json\/wp\/v2\/types\/page"}],"author":[{"embeddable":true,"href":"http:\/\/costa-vertical.com\/de\/wp-json\/wp\/v2\/users\/1"}],"replies":[{"embeddable":true,"href":"http:\/\/costa-vertical.com\/de\/wp-json\/wp\/v2\/comments?post=94"}],"version-history":[{"count":90,"href":"http:\/\/costa-vertical.com\/de\/wp-json\/wp\/v2\/pages\/94\/revisions"}],"predecessor-version":[{"id":2555,"href":"http:\/\/costa-vertical.com\/de\/wp-json\/wp\/v2\/pages\/94\/revisions\/2555"}],"wp:featuredmedia":[{"embeddable":true,"href":"http:\/\/costa-vertical.com\/de\/wp-json\/wp\/v2\/media\/935"}],"wp:attachment":[{"href":"http:\/\/costa-vertical.com\/de\/wp-json\/wp\/v2\/media?parent=94"}],"curies":[{"name":"wp","href":"https:\/\/api.w.org\/{rel}","templated":true}]}}