{"id":829,"date":"2014-11-17T23:26:35","date_gmt":"2014-11-17T22:26:35","guid":{"rendered":"http:\/\/costa-vertical.com\/?page_id=829"},"modified":"2020-01-19T23:40:15","modified_gmt":"2020-01-19T22:40:15","slug":"home","status":"publish","type":"page","link":"http:\/\/costa-vertical.com\/de\/","title":{"rendered":"Willkommen bei Costa Vertical &#8211; Der Outdoorspezialist f\u00fcr Klettern,  Wandern und mehr an Spaniens Costa Blanca"},"content":{"rendered":"<p><a href=\"http:\/\/costa-vertical.com\/home\/blanca_map\/#main\" rel=\"attachment wp-att-2172\"><img loading=\"lazy\" decoding=\"async\" class=\"wp-image-2172 alignright\" src=\"http:\/\/costa-vertical.com\/wp-content\/uploads\/blanca_map.jpg\" alt=\"blanca_map\" width=\"274\" height=\"233\" \/><\/a>Die Costa Blanca oder auch \u201ewei\u00dfe K\u00fcste\u201c Spaniens ist aufgrund ihrer langen Sandstr\u00e4nde sowie den schroffen Kalkklippen bekannt. Man findet an der K\u00fcste malerische Orte mit bunten H\u00e4uschen und verwinkelten Gassen, wobei im Inland Mandelhaine mit der j\u00e4hrlichen Mandelbl\u00fcte auf sich aufmerksam machen.<\/p>\n<p>Wegen ihres milden Klimas und den meisten Sonnenstunden Spaniens gilt diese K\u00fcstenregion als beliebtes Urlaubsziel, und das nicht nur f\u00fcr Nordeurop\u00e4er, sondern auch f\u00fcr Spanier.<\/p>\n<p>Die Costa Blanca hat jedoch ein verstecktes Geheimnis. das mit einzigartigen Bergketten und weiten T\u00e4lern durchzogene Hinterland. Die Felsw\u00e4nde, fruchtbaren T\u00e4ler, schroffen Schluchten und die hervorragende Aussicht bieten unz\u00e4hlbare M\u00f6glichkeiten f\u00fcr Outdoor-Enthusiasten, z.B. Klettern, Wandern, Mountainbiken, Canyoning, Gratwanderungen etc.. Die beeindruckenden Landschaften der Costa Blanca bieten soviel, dass ein einziger Aufenthalt definitiv nicht gen\u00fcgt.<\/p>\n<p><strong>Costa Vertical<\/strong> l\u00e4dt Sie ein, die Costa Blanca abseits der Touristenstr\u00f6me zu entdecken. W\u00e4hlen Sie Ihr pers\u00f6nliches Highlight aus unserem <strong><a title=\"Portfolio\" href=\"http:\/\/costa-vertical.com\/de\/offer\/\">Portfolio<\/a><\/strong> oder <strong><a href=\"http:\/\/costa-vertical.com\/de\/contact\/\">kontaktieren Sie uns<\/a> <\/strong>f\u00fcr ein individuelles Angebot.<\/p>\n<p><a href=\"http:\/\/costa-vertical.com\/wp-content\/uploads\/IMG_6343-PANO2.jpg\"><img loading=\"lazy\" decoding=\"async\" class=\"aligncenter wp-image-133 size-large\" src=\"http:\/\/costa-vertical.com\/wp-content\/uploads\/IMG_6343-PANO2-1024x235.jpg\" alt=\"\" width=\"945\" height=\"216\" srcset=\"http:\/\/costa-vertical.com\/wp-content\/uploads\/IMG_6343-PANO2-1024x235.jpg 1024w, http:\/\/costa-vertical.com\/wp-content\/uploads\/IMG_6343-PANO2-680x156.jpg 680w\" sizes=\"(max-width: 945px) 100vw, 945px\" \/><\/a>Blick vom Gipfel des Puig Campana (1.408 Meter)<\/p>","protected":false},"excerpt":{"rendered":"<p>Die Costa Blanca oder auch \u201ewei\u00dfe K\u00fcste\u201c Spaniens ist aufgrund ihrer langen Sandstr\u00e4nde sowie den schroffen Kalkklippen bekannt. Man findet an der K\u00fcste malerische Orte mit bunten H\u00e4uschen und verwinkelten <a class=\"more-link\" href=\"http:\/\/costa-vertical.com\/de\/\">Continue Reading \u2192<\/a><\/p>\n","protected":false},"author":2,"featured_media":0,"parent":0,"menu_order":0,"comment_status":"closed","ping_status":"closed","template":"","meta":{"ngg_post_thumbnail":0,"footnotes":""},"class_list":["post-829","page","type-page","status-publish","hentry"],"aioseo_notices":[],"_links":{"self":[{"href":"http:\/\/costa-vertical.com\/de\/wp-json\/wp\/v2\/pages\/829"}],"collection":[{"href":"http:\/\/costa-vertical.com\/de\/wp-json\/wp\/v2\/pages"}],"about":[{"href":"http:\/\/costa-vertical.com\/de\/wp-json\/wp\/v2\/types\/page"}],"author":[{"embeddable":true,"href":"http:\/\/costa-vertical.com\/de\/wp-json\/wp\/v2\/users\/2"}],"replies":[{"embeddable":true,"href":"http:\/\/costa-vertical.com\/de\/wp-json\/wp\/v2\/comments?post=829"}],"version-history":[{"count":29,"href":"http:\/\/costa-vertical.com\/de\/wp-json\/wp\/v2\/pages\/829\/revisions"}],"predecessor-version":[{"id":2515,"href":"http:\/\/costa-vertical.com\/de\/wp-json\/wp\/v2\/pages\/829\/revisions\/2515"}],"wp:attachment":[{"href":"http:\/\/costa-vertical.com\/de\/wp-json\/wp\/v2\/media?parent=829"}],"curies":[{"name":"wp","href":"https:\/\/api.w.org\/{rel}","templated":true}]}}