{"id":2312,"date":"2017-08-09T00:25:25","date_gmt":"2017-08-08T22:25:25","guid":{"rendered":"http:\/\/costa-vertical.com\/?page_id=2312"},"modified":"2020-02-23T21:16:01","modified_gmt":"2020-02-23T20:16:01","slug":"book-now","status":"publish","type":"page","link":"http:\/\/costa-vertical.com\/de\/offer\/activities\/yoga-climbing-costa-blanca-spain\/book-now\/","title":{"rendered":"Buche Deine Auszeit Jetzt"},"content":{"rendered":"<p>&nbsp;<a href=\"http:\/\/costa-vertical.com\/offer\/activities\/yoga-climbing-costa-blanca-spain\/slide1-2\/#main\" rel=\"attachment wp-att-2451\"><img loading=\"lazy\" decoding=\"async\" class=\"size-full wp-image-2451\" src=\"http:\/\/costa-vertical.com\/wp-content\/uploads\/Slide1-1.jpg\" alt=\"\" width=\"720\" height=\"540\" srcset=\"http:\/\/costa-vertical.com\/wp-content\/uploads\/Slide1-1.jpg 720w, http:\/\/costa-vertical.com\/wp-content\/uploads\/Slide1-1-680x510.jpg 680w\" sizes=\"(max-width: 720px) 100vw, 720px\" \/><\/a><\/p>\n<p><strong>Um Dein Yoga &amp; Kletter-Retreat &#8222;Starker K\u00f6rper. Starker Kopf&#8220; vom 18<\/strong><strong>. bis 25. April 2020 zu buchen, f\u00fclle bitte das folgende Formular aus. Vielen Dank:<\/strong><\/p>\n<div class=\"wpcf7 no-js\" id=\"wpcf7-f2348-o2\" lang=\"en-US\" dir=\"ltr\">\n<div class=\"screen-reader-response\"><p role=\"status\" aria-live=\"polite\" aria-atomic=\"true\"><\/p> <ul><\/ul><\/div>\n<form action=\"\/de\/wp-json\/wp\/v2\/pages\/2312#wpcf7-f2348-o2\" method=\"post\" class=\"wpcf7-form init\" aria-label=\"Contact form\" novalidate=\"novalidate\" data-status=\"init\">\n<div style=\"display: none;\">\n<input type=\"hidden\" name=\"_wpcf7\" value=\"2348\" \/>\n<input type=\"hidden\" name=\"_wpcf7_version\" value=\"5.7.2\" \/>\n<input type=\"hidden\" name=\"_wpcf7_locale\" value=\"en_US\" \/>\n<input type=\"hidden\" name=\"_wpcf7_unit_tag\" value=\"wpcf7-f2348-o2\" \/>\n<input type=\"hidden\" name=\"_wpcf7_container_post\" value=\"0\" \/>\n<input type=\"hidden\" name=\"_wpcf7_posted_data_hash\" value=\"\" \/>\n<\/div>\n<p><label> Dein Name (Pflichtfeld)<br \/>\n<span class=\"wpcf7-form-control-wrap\" data-name=\"your-name\"><input size=\"40\" class=\"wpcf7-form-control wpcf7-text wpcf7-validates-as-required\" aria-required=\"true\" aria-invalid=\"false\" value=\"\" type=\"text\" name=\"your-name\" \/><\/span> <\/label>\n<\/p>\n<p><label> Deine E-Mailaddresse (Pflichtfeld)<br \/>\n<span class=\"wpcf7-form-control-wrap\" data-name=\"your-email\"><input size=\"40\" class=\"wpcf7-form-control wpcf7-text wpcf7-email wpcf7-validates-as-required wpcf7-validates-as-email\" aria-required=\"true\" aria-invalid=\"false\" value=\"\" type=\"email\" name=\"your-email\" \/><\/span> <\/label>\n<\/p>\n<p><label> Deine Telefonnummer(Pflichtfeld)<br \/>\n<span class=\"wpcf7-form-control-wrap\" data-name=\"PhoneNumber\"><input size=\"40\" class=\"wpcf7-form-control wpcf7-text wpcf7-tel wpcf7-validates-as-required wpcf7-validates-as-tel\" aria-required=\"true\" aria-invalid=\"false\" value=\"\" type=\"tel\" name=\"PhoneNumber\" \/><\/span> <\/label>\n<\/p>\n<p>SUBJEKT: YOGA & CLIMBING RETREAT - ANFRAGE ODER BUCHUNG\n<\/p>\n<p><label> KLETTERERFAHRUNG (Pflichtfeld)<br \/>\n<span class=\"wpcf7-form-control-wrap\" data-name=\"Climbing\"><select class=\"wpcf7-form-control wpcf7-select wpcf7-validates-as-required\" aria-required=\"true\" aria-invalid=\"false\" name=\"Climbing\"><option value=\"Du m\u00f6chtest Deine F\u00e4higkeiten von der Kletterhalle auf den Fels \u00fcbertragen?\">Du m\u00f6chtest Deine F\u00e4higkeiten von der Kletterhalle auf den Fels \u00fcbertragen?<\/option><option value=\"Du kletterst bis 6a in der Halle und \/ oder am Fels, allerdings h\u00e4lt Dich etwas zur\u00fcck den n\u00e4chsten Grad zu erreichen?\">Du kletterst bis 6a in der Halle und \/ oder am Fels, allerdings h\u00e4lt Dich etwas zur\u00fcck den n\u00e4chsten Grad zu erreichen?<\/option><option value=\"Du kletterst drau\u00dfen im Toprope und m\u00f6chstest nun auch in einem sicheren Umfeld das Vorsteigen erlernen?\">Du kletterst drau\u00dfen im Toprope und m\u00f6chstest nun auch in einem sicheren Umfeld das Vorsteigen erlernen?<\/option><option value=\"Du hast gerade mit dem Sportklettern angefangen und m\u00f6chtest mehr \u00fcber unsere Sportart wissen?\">Du hast gerade mit dem Sportklettern angefangen und m\u00f6chtest mehr \u00fcber unsere Sportart wissen?<\/option><\/select><\/span><\/label>\n<\/p>\n<p><label> YOGAERFAHRUNG (Pflichtfeld)<br \/>\n<span class=\"wpcf7-form-control-wrap\" data-name=\"Yoga\"><select class=\"wpcf7-form-control wpcf7-select wpcf7-validates-as-required\" aria-required=\"true\" aria-invalid=\"false\" name=\"Yoga\"><option value=\"Anf\u00e4nger\">Anf\u00e4nger<\/option><option value=\"Fortgeschritten\">Fortgeschritten<\/option><option value=\"Erfahren\">Erfahren<\/option><\/select><\/span><\/label>\n<\/p>\n<p>PREIS: 789 \u20ac im Doppelzimmer<br \/>\n(Leistungen - siehe unten)\n<\/p>\n<p>Wenn Du alleine anreist, kannst Du neben der Option, Dir ein Doppelzimmer mit jemandem zu teilen, auch zwischen einem Einzelzimmer und einem Mehrbettzimmer w\u00e4hlen:\n<\/p>\n<p><span class=\"wpcf7-form-control-wrap\" data-name=\"Accomodation\"><span class=\"wpcf7-form-control wpcf7-checkbox\"><span class=\"wpcf7-list-item first\"><input type=\"checkbox\" name=\"Accomodation[]\" value=\"Ich reise allein und m\u00f6chte ein Einzelzimmer buchen! + \u20ac100,00\" tabindex=\"\" \/><span class=\"wpcf7-list-item-label\">Ich reise allein und m\u00f6chte ein Einzelzimmer buchen! + \u20ac100,00<\/span><\/span><span class=\"wpcf7-list-item last\"><input type=\"checkbox\" name=\"Accomodation[]\" value=\"Ich teile gerne mit anderen ein Mehrbettzimmer! - 20 \u20ac\" tabindex=\"\" \/><span class=\"wpcf7-list-item-label\">Ich teile gerne mit anderen ein Mehrbettzimmer! - 20 \u20ac<\/span><\/span><\/span><\/span>\n<\/p>\n<p><label> Deine Nachricht<br \/>\n<span class=\"wpcf7-form-control-wrap\" data-name=\"your-message\"><textarea cols=\"40\" rows=\"10\" class=\"wpcf7-form-control wpcf7-textarea\" aria-invalid=\"false\" name=\"your-message\"><\/textarea><\/span> <\/label>\n<\/p>\n<p><input class=\"wpcf7-form-control has-spinner wpcf7-submit\" type=\"submit\" value=\"Send\" \/>\n<\/p><p style=\"display: none !important;\" class=\"akismet-fields-container\" data-prefix=\"_wpcf7_ak_\"><label>&#916;<textarea name=\"_wpcf7_ak_hp_textarea\" cols=\"45\" rows=\"8\" maxlength=\"100\"><\/textarea><\/label><input type=\"hidden\" id=\"ak_js_2\" name=\"_wpcf7_ak_js\" value=\"235\"\/><script>document.getElementById( \"ak_js_2\" ).setAttribute( \"value\", ( new Date() ).getTime() );<\/script><\/p><div class=\"wpcf7-response-output\" aria-hidden=\"true\"><\/div><\/form><\/div>\n<p>Nachdem wir Deine Buchung mit Deinen Angaben erhalten haben, werden wir Dich kontaktieren, um Dir weitere Informationen sowie den weiteren Verlauf des Buchungsprozess zuzusenen.<\/p>\n<p>Du kannst den Workshop entweder per \u00dcberweisung, Kreditkarte oder Paypal bezahlen. Wenn Du in bar am Ankunftstag zahlen m\u00f6chtest, ist dies kein Problem. Du kannst gerne auch eine Anzahlung von 100 \u20ac machen und den Rest am Ankunftstag in bar bezahlen.<\/p>\n<p><strong>Im Preis enthalten:<\/strong><\/p>\n<p>* &#8222;All inclusive&#8220; Unkunft im Doppelzimmer<br \/>\n* Alle Speisen &amp; Getr\u00e4nke &#8211; Wir bieten Euch Fr\u00fchst\u00fcck, Lunchpakete und Abendessen. Alle Speisen werden von unseren &#8222;Guides&#8220; selbst zubereitet.<br \/>\n* Alle Transfers inkl. Flughafentransfers.<br \/>\n* Yoga mit qualifizierten Yogalehrern<br \/>\n* Klettern mit qualifizierten \u00dcbungsleitern<\/p>\n<p><strong>Im Preis nicht enthalten:<\/strong><\/p>\n<p>* Ausfl\u00fcge nach Valencia oder Alicante. Wir bieten Euch einen Transferservice von Eurer Unterkunft nach Benidorm oder Villajoiosa, wenn Ihr per Bus \/ Zug eine der genannten St\u00e4dte besuchen m\u00f6chtet.<br \/>\n* Aktivit\u00e4ten am Ruhetag. Ihr k\u00f6nnt eine Wanderung, Kayaktour etc. bei Eurer Ankunft buchen.<br \/>\n* Reiseversicherung. Wir empfehlen Dir, f\u00fcr die Dauer des Retreats eine Reiseversicherung abzuschlie\u00dfen, welche das Sportklettern beinhaltet, damit Du im Notfall gegen anfallende medizinische Kosten, Bergungskosten und R\u00fcckf\u00fchrungskosten ins Heimatland versichert bist.<\/p>\n<p><strong>R\u00fccktritt vom Vertrag:<\/strong><\/p>\n<p>Soweit im Vertrag bzw. den allgemeinen Gesch\u00e4ftsbedingungen nichts anderes bestimmt ist, wird im Falle des R\u00fccktrittes vom Vertrag folgender Preis f\u00e4llig:<\/p>\n<p>&#8211; bis zum 60. Tag vor dem vereinbarten Beginn des Angebotes\/Kurses 25 % des Gesamtpreises,<br \/>\n&#8211; bis zum 30. Tag vor dem vereinbarten Beginn des Angebotes\/Kurses 50 % des Gesamtpreises,<br \/>\n&#8211; bis zum 15. Tag vor dem vereinbarten Beginn des Angebotes\/Kurses 80 % des Gesamtpreises,<br \/>\n&#8211; ab 3 Tage vor dem vereinbarten Beginn des Angebotes\/Kurses 100 % des Gesamtpreises<\/p>\n<p>&nbsp;<\/p>\n<p>&nbsp;<\/p>","protected":false},"excerpt":{"rendered":"<p>&nbsp; Um Dein Yoga &amp; Kletter-Retreat &#8222;Starker K\u00f6rper. Starker Kopf&#8220; vom 18. bis 25. April 2020 zu buchen, f\u00fclle bitte das folgende Formular aus. Vielen Dank: Nachdem wir Deine Buchung <a class=\"more-link\" href=\"http:\/\/costa-vertical.com\/de\/offer\/activities\/yoga-climbing-costa-blanca-spain\/book-now\/\">Continue Reading \u2192<\/a><\/p>\n","protected":false},"author":2,"featured_media":0,"parent":2268,"menu_order":0,"comment_status":"closed","ping_status":"closed","template":"","meta":{"ngg_post_thumbnail":0,"footnotes":""},"class_list":["post-2312","page","type-page","status-publish","hentry"],"aioseo_notices":[],"_links":{"self":[{"href":"http:\/\/costa-vertical.com\/de\/wp-json\/wp\/v2\/pages\/2312"}],"collection":[{"href":"http:\/\/costa-vertical.com\/de\/wp-json\/wp\/v2\/pages"}],"about":[{"href":"http:\/\/costa-vertical.com\/de\/wp-json\/wp\/v2\/types\/page"}],"author":[{"embeddable":true,"href":"http:\/\/costa-vertical.com\/de\/wp-json\/wp\/v2\/users\/2"}],"replies":[{"embeddable":true,"href":"http:\/\/costa-vertical.com\/de\/wp-json\/wp\/v2\/comments?post=2312"}],"version-history":[{"count":18,"href":"http:\/\/costa-vertical.com\/de\/wp-json\/wp\/v2\/pages\/2312\/revisions"}],"predecessor-version":[{"id":2559,"href":"http:\/\/costa-vertical.com\/de\/wp-json\/wp\/v2\/pages\/2312\/revisions\/2559"}],"up":[{"embeddable":true,"href":"http:\/\/costa-vertical.com\/de\/wp-json\/wp\/v2\/pages\/2268"}],"wp:attachment":[{"href":"http:\/\/costa-vertical.com\/de\/wp-json\/wp\/v2\/media?parent=2312"}],"curies":[{"name":"wp","href":"https:\/\/api.w.org\/{rel}","templated":true}]}}