{"id":2268,"date":"2017-08-08T21:50:35","date_gmt":"2017-08-08T19:50:35","guid":{"rendered":"http:\/\/costa-vertical.com\/?page_id=2268"},"modified":"2020-02-23T21:07:07","modified_gmt":"2020-02-23T20:07:07","slug":"yoga-climbing-costa-blanca-spain","status":"publish","type":"page","link":"http:\/\/costa-vertical.com\/de\/offer\/activities\/yoga-climbing-costa-blanca-spain\/","title":{"rendered":"Yoga &#038; Kletter-Retreat"},"content":{"rendered":"<p><\/p>\n<div>\n<p><a href=\"http:\/\/costa-vertical.com\/slide1-2\/\"><img loading=\"lazy\" decoding=\"async\" class=\"size-full wp-image-2451\" src=\"http:\/\/costa-vertical.com\/wp-content\/uploads\/Slide1-1.jpg\" alt=\"\" width=\"720\" height=\"540\" srcset=\"http:\/\/costa-vertical.com\/wp-content\/uploads\/Slide1-1.jpg 720w, http:\/\/costa-vertical.com\/wp-content\/uploads\/Slide1-1-680x510.jpg 680w\" sizes=\"(max-width: 720px) 100vw, 720px\" \/><\/a><b><\/b><\/p>\n<h2 style=\"text-align: center;\"><b>\u201eStarker <\/b><b>K\u00f6rper<\/b><b>. Starker <\/b><b>Kopf.\u201c<\/b><b><br \/>\n<\/b><b>Klettertechnik<\/b><b>. <\/b><b>Sturztraining<\/b><b>. <\/b><b>Auftanken<\/b><b>. <\/b><b>Genie\u00dfen<\/b><b>.<\/b><\/h2>\n<h3 style=\"text-align: center;\"><strong>18.-25. April 2020<\/strong><\/h3>\n<\/div>\n<h2 style=\"text-align: center;\"><a href=\"http:\/\/costa-vertical.com\/cropped-img_6750-pano6-jpg\/\"><img loading=\"lazy\" decoding=\"async\" class=\"aligncenter size-full wp-image-244\" src=\"http:\/\/costa-vertical.com\/wp-content\/uploads\/2014\/06\/cropped-IMG_6750-PANO6.jpg\" alt=\"\" width=\"1800\" height=\"112\" srcset=\"http:\/\/costa-vertical.com\/wp-content\/uploads\/2014\/06\/cropped-IMG_6750-PANO6.jpg 1800w, http:\/\/costa-vertical.com\/wp-content\/uploads\/2014\/06\/cropped-IMG_6750-PANO6-680x42.jpg 680w, http:\/\/costa-vertical.com\/wp-content\/uploads\/2014\/06\/cropped-IMG_6750-PANO6-1024x63.jpg 1024w\" sizes=\"(max-width: 1800px) 100vw, 1800px\" \/><\/a><span style=\"color: #ff0000;\"><strong>H\u00d6HEPUNKTE<\/strong><\/span><\/h2>\n<div class=\"row form-group nomargin\">\n<blockquote>\n<div class=\"card-detail-data u-gutter\">\n<div class=\"card-detail-item card-detail-item-block u-clearfix editable\">\n<div class=\"description-content js-desc-content\">\n<h4 class=\"current markeddown hide-on-edit js-card-desc js-show-with-desc\" dir=\"auto\" style=\"text-align: center;\"><span style=\"color: #000000;\"><strong><span id=\"result_box\" class=\"\" lang=\"de\"><span title=\"All inclusive holiday to train your body and mind &nbsp;&nbsp;&nbsp;&nbsp;\">All-inclusive Urlaub zum Training von K\u00f6rper und Geist!<br \/>\n<\/span><\/span><\/strong><\/span><\/h4>\n<h4 style=\"text-align: center;\"><span style=\"color: #000000;\"><strong>Umfassende Vorbereitung auf die Klettersaison 2020<\/strong><\/span><\/h4>\n<h4 class=\"current markeddown hide-on-edit js-card-desc js-show-with-desc\" dir=\"auto\" style=\"text-align: center;\"><span style=\"color: #000000;\"><strong><span id=\"result_box\" class=\"\" lang=\"de\"><span title=\"Daily yoga to improve your flexibility, coordination and mind &nbsp;&nbsp;&nbsp;&nbsp;\">T\u00e4gliches Yoga, um Flexibilit\u00e4t, Koordination und Willenskraft zu st\u00e4rken!<\/span><\/span><\/strong><\/span><\/h4>\n<h4 class=\"current markeddown hide-on-edit js-card-desc js-show-with-desc\" dir=\"auto\" style=\"text-align: center;\"><span style=\"color: #000000;\"><strong><span id=\"result_box\" class=\"\" lang=\"de\"><span title=\"Daily climbing sessions to improve your climbing techniques &nbsp;&nbsp;&nbsp;&nbsp;\">T\u00e4gliches Klettern zur Verbesserung der Klettertechnik!<\/span><\/span><\/strong><\/span><\/h4>\n<h4 class=\"current markeddown hide-on-edit js-card-desc js-show-with-desc\" dir=\"auto\" style=\"text-align: center;\"><span style=\"color: #000000;\"><strong><span id=\"result_box\" class=\"\" lang=\"de\"><span title=\"Learn how to fall properly and to project routes &nbsp;&nbsp;&nbsp;&nbsp;&nbsp; &nbsp;&nbsp;&nbsp;&nbsp;\">Lerne, richtig zu fallen und so erfolgreich Deine Traumrouten zu projektieren<\/span><\/span>!<\/strong><\/span><br \/>\n<span style=\"color: #000000;\">&nbsp;<\/span><br \/>\n<span style=\"color: #000000;\"><a class=\"button\" style=\"color: #000000;\" href=\"http:\/\/costa-vertical.com\/de\/offer\/activities\/yoga-climbing-costa-blanca-spain\/book-now\/\" target=\"_blank\" rel=\"noopener noreferrer\">BOOK NOW<\/a><\/span><br \/>\n<strong><span style=\"color: #000000;\">ab 789 \u20ac<\/span><\/strong><\/h4>\n<\/div>\n<\/div>\n<\/div>\n<\/blockquote>\n<hr>\n<h2 style=\"text-align: center;\"><strong><label class=\"col-xs-3 col-sm-2 blue-2\">\u00dcberblick<\/label><\/strong><\/h2>\n<div class=\"card-detail-data u-gutter\">\n<div class=\"card-detail-item card-detail-item-block u-clearfix editable\">\n<div class=\"description-content js-desc-content\">\n<div class=\"current markeddown hide-on-edit js-card-desc js-show-with-desc\" dir=\"auto\">\n<p><a href=\"http:\/\/costa-vertical.com\/123115_kraft_und_koerperspannung_teil_5\/\"><img loading=\"lazy\" decoding=\"async\" class=\"wp-image-2303 alignright\" src=\"http:\/\/costa-vertical.com\/wp-content\/uploads\/123115_kraft_und_koerperspannung_teil_5.jpg\" alt=\"\" width=\"370\" height=\"208\" srcset=\"http:\/\/costa-vertical.com\/wp-content\/uploads\/123115_kraft_und_koerperspannung_teil_5.jpg 1280w, http:\/\/costa-vertical.com\/wp-content\/uploads\/123115_kraft_und_koerperspannung_teil_5-680x383.jpg 680w, http:\/\/costa-vertical.com\/wp-content\/uploads\/123115_kraft_und_koerperspannung_teil_5-768x432.jpg 768w, http:\/\/costa-vertical.com\/wp-content\/uploads\/123115_kraft_und_koerperspannung_teil_5-1024x576.jpg 1024w\" sizes=\"(max-width: 370px) 100vw, 370px\" \/><\/a><span style=\"color: #000000;\">Hast Du Dir je dar\u00fcber Gedanken gemacht<span id=\"result_box\" class=\"\" lang=\"de\"><span title=\"Have you ever thought about how often you hold yourself back when climbing?\">, wie oft Du beim Klettern <strong>nicht an Deine Leistungsgrenze gehst<\/strong>? <\/span><span title=\"Or about how often you shout &quot;take!&quot;\">Oder wie oft Du Deinem Sicherer <strong>&#8222;Zu!&#8220; zurufst<\/strong><\/span><span title=\"to your belayer as soon as you feel insecure? &nbsp;&nbsp;&nbsp;&nbsp;\"><strong>, sobald Du Dich unsicher f\u00fchlst<\/strong>?<\/span><\/span><\/span><\/p>\n<p><span id=\"result_box\" class=\"\" style=\"color: #000000;\" lang=\"de\"><span title=\"If you can relate to that, you cannot miss those transformational days in sunny Spain. &nbsp;&nbsp;&nbsp;&nbsp;\">Wenn Du Dich mit beiden Aussagen <strong>identifizieren kannst<\/strong>, dann&nbsp; solltest Du diese transformativen Tage im sonnige Spanien <strong>nicht verpassen<\/strong>.<\/span><\/span><\/p>\n<p><span style=\"color: #000000;\"><span id=\"result_box\" class=\"\" lang=\"de\"><span title=\"Far away from daily distractions, our yoga &amp; climbing holidays will help you to concentrate on your physical and mental power so that you return stronger, more vibrant and self-confident than before.\"><strong>Weit weg vom Alltag<\/strong> kannst Du Dich w\u00e4hrend unseres Yoga &amp; Kletter-Workshops auf Deine <strong>k\u00f6rperlichen und mentalen St\u00e4rken konzentrieren<\/strong>, so dass Du g<strong>est\u00e4rkt, dynamischer und selbstbewusster<\/strong> in Dein gewohntes Umfeld zur\u00fcckkehrst.&nbsp;<\/span><\/span><\/span><\/p>\n<p><span style=\"color: #000000;\"><span id=\"result_box\" class=\"\" lang=\"de\"><span title=\"We will cover 3 fundamental topics that will change the way how you climb and how you feel. &nbsp;&nbsp;&nbsp;&nbsp;&nbsp;&nbsp;&nbsp;&nbsp;\">Wir werden <strong>3 grundlegende Themen<\/strong> abdecken, die Deinen Kletterstil sowie Deine mentale St\u00e4rke grundlegend ver\u00e4ndern k\u00f6nnen.<\/span><\/span><\/span><\/p>\n<p><a href=\"http:\/\/costa-vertical.com\/p1060918\/\"><img loading=\"lazy\" decoding=\"async\" class=\"wp-image-2305 alignleft\" src=\"http:\/\/costa-vertical.com\/wp-content\/uploads\/P1060918.jpg\" alt=\"\" width=\"270\" height=\"360\" srcset=\"http:\/\/costa-vertical.com\/wp-content\/uploads\/P1060918.jpg 960w, http:\/\/costa-vertical.com\/wp-content\/uploads\/P1060918-510x680.jpg 510w, http:\/\/costa-vertical.com\/wp-content\/uploads\/P1060918-768x1024.jpg 768w\" sizes=\"(max-width: 270px) 100vw, 270px\" \/><\/a><span style=\"color: #000000;\"><span style=\"color: #000000;\"><span class=\"\" lang=\"de\"><span title=\"If you don't fall, you don't climb at your limit.\">1. Wenn Du nicht f\u00e4llst, kletterst du nicht am Limit. <\/span><span title=\"Learn how to fall safely and how to apply safety when belaying someone who's falling. &nbsp;&nbsp;&nbsp;&nbsp;&nbsp;&nbsp;&nbsp;&nbsp;\">Lerne, <strong>richtig und sicher zu fallen<\/strong>, Deinem Sicherer <strong>zu vertrauen<\/strong> sowie dem Kletternden selbst ein <strong>sicherer Sicherer<\/strong> zu sein.<\/span><\/span><\/span><\/span>&nbsp;<\/p>\n<p><span style=\"color: #000000;\"><span style=\"color: #000000;\"><span id=\"result_box\" class=\"\" lang=\"de\"><span title=\"Learn how to recharge and free your body efficiently with yoga, and discover strategies that will help you free your mind. &nbsp;&nbsp;&nbsp;&nbsp;&nbsp;&nbsp;&nbsp;&nbsp;\">2. Lerne, durch Yoga Deine <strong>Batterien aufzuladen<\/strong> und Deinen Geist zu befreien. Wir zeigen Dir Strategien, durch Yoga <strong>K\u00f6rper und Geist zu entspannen<\/strong> und wieder fit zu machen f\u00fcr die n\u00e4chsten Aufgaben am Fels und im Alltag<\/span><\/span>.<\/span><\/span><\/p>\n<p><span style=\"color: #000000;\"><span id=\"result_box\" class=\"\" lang=\"de\"><span title=\"Learn how to strengthen your willpower with yoga and create rituals for a daily power practice. &nbsp;&nbsp;&nbsp;&nbsp;\">3. Lerne Deine <strong>Willenskraft mit Yoga zu st\u00e4rken<\/strong> und Rituale, die das notwendige Umfeld f\u00fcr Deine t\u00e4glichen Kraft\u00fcbungen schaffen k\u00f6nnen.<\/span><\/span><\/span><\/p>\n<p class=\"u-bottom\"><span style=\"color: #000000;\"><span id=\"result_box\" class=\"\" lang=\"de\"><span title=\"And yes, we will have a lot of fun enjoying the best climbing spots at Costa Blanca, yoga on the amazing beach and tasty food.\">Genie\u00dfe die <strong>besten Kletterpl\u00e4tze<\/strong> der Costa Blanca, Yoga an <strong>herrlichen Str\u00e4nden<\/strong> sowie <strong>leckeres Essen<\/strong>. Und nat\u00fcrlich haben wir noch <strong>Spa\u00df<\/strong> dabei! \ud83d\ude42<\/span><\/span><\/span><\/p>\n<\/div>\n<\/div>\n<\/div>\n<\/div>\n<\/div>\n<h2 class=\"row form-group nomargin\" style=\"text-align: center;\"><span style=\"color: #000000;\"><strong>Ablauf<\/strong><label class=\"col-xs-3 col-sm-2 blue-2\"><\/label><\/span><\/h2>\n<div class=\"row form-group nomargin\">\n<blockquote><p><span style=\"color: #000000;\"><strong><span style=\"color: #000000;\">TAG <\/span><\/strong><strong>1<a href=\"http:\/\/costa-vertical.com\/offer\/activities\/yoga-climbing-costa-blanca-spain\/focused\/#main\" rel=\"attachment wp-att-2295\"><img loading=\"lazy\" decoding=\"async\" class=\"wp-image-2295 alignright\" src=\"http:\/\/costa-vertical.com\/wp-content\/uploads\/Focused.jpg\" alt=\"\" width=\"333\" height=\"222\" srcset=\"http:\/\/costa-vertical.com\/wp-content\/uploads\/Focused.jpg 5184w, http:\/\/costa-vertical.com\/wp-content\/uploads\/Focused-680x453.jpg 680w, http:\/\/costa-vertical.com\/wp-content\/uploads\/Focused-768x512.jpg 768w, http:\/\/costa-vertical.com\/wp-content\/uploads\/Focused-1024x683.jpg 1024w, http:\/\/costa-vertical.com\/wp-content\/uploads\/Focused-400x267.jpg 400w, http:\/\/costa-vertical.com\/wp-content\/uploads\/Focused-272x182.jpg 272w\" sizes=\"(max-width: 333px) 100vw, 333px\" \/><\/a><br \/>\n<\/strong>Ankunft &amp; Kennenlernen<\/span><\/p>\n<p><span style=\"color: #000000;\"><strong>TAG 2<br \/>\n<\/strong>Yoga &amp; Klettern =&gt; Analyse des Kletterstils sowie der Klettertechnik. Tipps &amp; Tricks.<\/span><\/p>\n<p><span style=\"color: #000000;\"><strong>TGA 3<br \/>\n<\/strong>Yoga &amp; Klettern =&gt; Konzentriere Dich auf Deine mentale St\u00e4rke beim Klettern.<br \/>\n<\/span><\/p>\n<p><strong>TAG 4<br \/>\n<\/strong>Yoga &amp; Klettern =&gt; Sturztraining &amp; Sicherungstechniken<\/p>\n<p><strong>TAG 5<br \/>\n<\/strong>Ruhetag =&gt; Besuche Valencia oder Alicante, lege einen Strandtag ein, entdecke die Umgebung oder entspanne an einem sch\u00f6nen Ort<\/p>\n<p><strong>TAG 6 &amp; 7<br \/>\n<\/strong>Yoga &amp; Klettern =&gt; Arbeite an Deinem Projekt, um es erfolgreich durchzusteigen.<\/p>\n<p><strong>TAG 8<br \/>\n<\/strong>Abreise<\/p><\/blockquote>\n<\/div>\n<div class=\"row form-group nomargin\">\n<h2 style=\"text-align: center;\"><strong>F\u00fcr wen ist das Retreat?<\/strong><\/h2>\n<p style=\"text-align: left;\"><span style=\"color: #000000;\"><span title=\"* You are looking to transfer the skills you have from climbing indoors to the outdoors? &nbsp;&nbsp;&nbsp;&nbsp;\"><a href=\"http:\/\/costa-vertical.com\/offer\/activities\/yoga-climbing-costa-blanca-spain\/stefanie_sella_140918_bild_16\/#main\" rel=\"attachment wp-att-2487\"><img loading=\"lazy\" decoding=\"async\" class=\"wp-image-2487 alignright\" src=\"http:\/\/costa-vertical.com\/wp-content\/uploads\/Stefanie_Sella_140918_Bild_16.jpg\" alt=\"\" width=\"341\" height=\"227\" srcset=\"http:\/\/costa-vertical.com\/wp-content\/uploads\/Stefanie_Sella_140918_Bild_16.jpg 5184w, http:\/\/costa-vertical.com\/wp-content\/uploads\/Stefanie_Sella_140918_Bild_16-680x453.jpg 680w, http:\/\/costa-vertical.com\/wp-content\/uploads\/Stefanie_Sella_140918_Bild_16-768x512.jpg 768w, http:\/\/costa-vertical.com\/wp-content\/uploads\/Stefanie_Sella_140918_Bild_16-1024x683.jpg 1024w, http:\/\/costa-vertical.com\/wp-content\/uploads\/Stefanie_Sella_140918_Bild_16-400x267.jpg 400w, http:\/\/costa-vertical.com\/wp-content\/uploads\/Stefanie_Sella_140918_Bild_16-272x182.jpg 272w\" sizes=\"(max-width: 341px) 100vw, 341px\" \/><\/a>* Du m\u00f6chtest Deine F\u00e4higkeiten <strong>von der Kletterhalle auf den Fels \u00fcbertragen<\/strong>?<\/span><\/span><\/p>\n<p><span style=\"color: #000000;\"><span title=\"* You are already leading up to 6a indoors and \/ or outdoors, but something is holding you back? &nbsp;&nbsp;&nbsp;&nbsp;\">* Du <strong>kletterst bis 6a in der Halle und \/ oder am Fels<\/strong>, allerdings h\u00e4lt Dich etwas zur\u00fcck den n\u00e4chsten Grad zu erreichen?<br \/>\n<\/span><\/span><\/p>\n<p><span style=\"color: #000000;\"><span title=\"* You are climbing outdoors already on toprope, and you want to start leading confidently in a safe environment? &nbsp;&nbsp;&nbsp;&nbsp;\">* Du kletterst <strong>drau\u00dfen im Toprope<\/strong> und m\u00f6chstest nun auch in einem sicheren Umfeld das <strong>Vorsteigen<\/strong> erlernen?<\/span><\/span><\/p>\n<p><span style=\"color: #000000;\"><span title=\"* You are new to sport climbing and would like to know more about our sport? &nbsp;&nbsp;&nbsp;&nbsp;&nbsp; &nbsp;&nbsp;&nbsp;&nbsp;\">* Du hast gerade mit dem <strong>Sportklettern angefangen<\/strong> und m\u00f6chtest mehr \u00fcber unsere Sportart wissen?<\/span><\/span><\/p>\n<p><span id=\"result_box\" class=\"\" lang=\"de\"><span title=\"If you are a climber who meets one of the following criteria our &quot;Yoga &amp; Climbing&quot; Holidays are suitable for you: &nbsp;&nbsp;&nbsp;&nbsp;\">Wenn Du Dich in einem dieser Punkte richtig beschrieben f\u00fchlst, dann ist unser Yoga &amp; Kletter-Retreat genau das richtige f\u00fcr Dich.<\/span><\/span><\/p>\n<h4 style=\"text-align: center;\"><strong><a class=\"button\" href=\"http:\/\/costa-vertical.com\/de\/offer\/activities\/yoga-climbing-costa-blanca-spain\/book-now\/\" target=\"_blank\" rel=\"noopener noreferrer\">BOOK NOW<\/a><\/strong><br \/>\n<strong>ab 789 \u20ac<\/strong><\/h4>\n<\/div>\n<p><\/p>","protected":false},"excerpt":{"rendered":"<p>\u201eStarker K\u00f6rper. Starker Kopf.\u201c Klettertechnik. Sturztraining. Auftanken. Genie\u00dfen. 18.-25. April 2020 H\u00d6HEPUNKTE All-inclusive Urlaub zum Training von K\u00f6rper und Geist! Umfassende Vorbereitung auf die Klettersaison 2020 T\u00e4gliches Yoga, um Flexibilit\u00e4t, <a class=\"more-link\" href=\"http:\/\/costa-vertical.com\/de\/offer\/activities\/yoga-climbing-costa-blanca-spain\/\">Continue Reading \u2192<\/a><\/p>\n","protected":false},"author":2,"featured_media":0,"parent":1086,"menu_order":0,"comment_status":"open","ping_status":"closed","template":"","meta":{"ngg_post_thumbnail":0,"footnotes":""},"class_list":["post-2268","page","type-page","status-publish","hentry"],"aioseo_notices":[],"_links":{"self":[{"href":"http:\/\/costa-vertical.com\/de\/wp-json\/wp\/v2\/pages\/2268"}],"collection":[{"href":"http:\/\/costa-vertical.com\/de\/wp-json\/wp\/v2\/pages"}],"about":[{"href":"http:\/\/costa-vertical.com\/de\/wp-json\/wp\/v2\/types\/page"}],"author":[{"embeddable":true,"href":"http:\/\/costa-vertical.com\/de\/wp-json\/wp\/v2\/users\/2"}],"replies":[{"embeddable":true,"href":"http:\/\/costa-vertical.com\/de\/wp-json\/wp\/v2\/comments?post=2268"}],"version-history":[{"count":96,"href":"http:\/\/costa-vertical.com\/de\/wp-json\/wp\/v2\/pages\/2268\/revisions"}],"predecessor-version":[{"id":2557,"href":"http:\/\/costa-vertical.com\/de\/wp-json\/wp\/v2\/pages\/2268\/revisions\/2557"}],"up":[{"embeddable":true,"href":"http:\/\/costa-vertical.com\/de\/wp-json\/wp\/v2\/pages\/1086"}],"wp:attachment":[{"href":"http:\/\/costa-vertical.com\/de\/wp-json\/wp\/v2\/media?parent=2268"}],"curies":[{"name":"wp","href":"https:\/\/api.w.org\/{rel}","templated":true}]}}