{"id":2164,"date":"2016-05-22T10:33:20","date_gmt":"2016-05-22T08:33:20","guid":{"rendered":"http:\/\/costa-vertical.com\/?page_id=2164"},"modified":"2016-05-22T10:33:20","modified_gmt":"2016-05-22T08:33:20","slug":"reviews","status":"publish","type":"page","link":"http:\/\/costa-vertical.com\/de\/reviews\/","title":{"rendered":"Feedback"},"content":{"rendered":"<p><strong><a href=\"http:\/\/costa-vertical.com\/offer\/activities\/rock-climbing-experience\/thumbs-up\/#main\" rel=\"attachment wp-att-1413\"><img loading=\"lazy\" decoding=\"async\" class=\"wp-image-1413 alignleft\" src=\"http:\/\/costa-vertical.com\/wp-content\/uploads\/Thumbs-Up-510x680.jpg\" alt=\"Thumbs Up\" width=\"190\" height=\"254\" \/><\/a>Man spricht \u00fcber uns<br \/>\n<\/strong><\/p>\n<p>Finde heraus, was Kunden \u00fcber uns sagen, auf <strong><a href=\"https:\/\/www.facebook.com\/costavertical\/reviews\">Facebook<\/a><\/strong> oder lese die folgenden Eintr\u00e4ge auf unserer Homepage:<\/p>\n<ul>\n<li>Manuela Manuela aus Deutschland \u00fcber ihre Wanderung um den <strong>Puig Campana<\/strong>. <strong><a href=\"http:\/\/costa-vertical.com\/de\/walking-around-the-puig\/\">=&gt; Hier geht&#8217;s zum Beitrag.<\/a><\/strong><\/li>\n<li>Clare aus England \u00fcber Ihre Wanderung zum Gipfel des<strong> Ponoig<\/strong>. <strong><a href=\"http:\/\/costa-vertical.com\/de\/to-the-summit-of-the-sleeping-lion\/\">=&gt; Hier geht&#8217;s zum Beitrag.<\/a><\/strong><\/li>\n<li>Felix aus Norwegen \u00fcber seinen <strong>Kletterurlaub\u00a0<\/strong>an der <strong>Costa Blanca<\/strong>. <strong><a href=\"http:\/\/costa-vertical.com\/de\/klettern-in-alicante\/\">=&gt; Hier geht&#8217;s zum Beitrag.<\/a><\/strong><\/li>\n<\/ul>\n<p><\/p>","protected":false},"excerpt":{"rendered":"<p>Man spricht \u00fcber uns Finde heraus, was Kunden \u00fcber uns sagen, auf Facebook oder lese die folgenden Eintr\u00e4ge auf unserer Homepage: Manuela Manuela aus Deutschland \u00fcber ihre Wanderung um den <a class=\"more-link\" href=\"http:\/\/costa-vertical.com\/de\/reviews\/\">Continue Reading \u2192<\/a><\/p>\n","protected":false},"author":2,"featured_media":0,"parent":0,"menu_order":0,"comment_status":"closed","ping_status":"closed","template":"","meta":{"ngg_post_thumbnail":0,"footnotes":""},"class_list":["post-2164","page","type-page","status-publish","hentry"],"aioseo_notices":[],"_links":{"self":[{"href":"http:\/\/costa-vertical.com\/de\/wp-json\/wp\/v2\/pages\/2164"}],"collection":[{"href":"http:\/\/costa-vertical.com\/de\/wp-json\/wp\/v2\/pages"}],"about":[{"href":"http:\/\/costa-vertical.com\/de\/wp-json\/wp\/v2\/types\/page"}],"author":[{"embeddable":true,"href":"http:\/\/costa-vertical.com\/de\/wp-json\/wp\/v2\/users\/2"}],"replies":[{"embeddable":true,"href":"http:\/\/costa-vertical.com\/de\/wp-json\/wp\/v2\/comments?post=2164"}],"version-history":[{"count":3,"href":"http:\/\/costa-vertical.com\/de\/wp-json\/wp\/v2\/pages\/2164\/revisions"}],"predecessor-version":[{"id":2167,"href":"http:\/\/costa-vertical.com\/de\/wp-json\/wp\/v2\/pages\/2164\/revisions\/2167"}],"wp:attachment":[{"href":"http:\/\/costa-vertical.com\/de\/wp-json\/wp\/v2\/media?parent=2164"}],"curies":[{"name":"wp","href":"https:\/\/api.w.org\/{rel}","templated":true}]}}