{"id":210,"date":"2014-11-30T01:56:05","date_gmt":"2014-11-30T00:56:05","guid":{"rendered":"http:\/\/costa-vertical.com\/?page_id=210"},"modified":"2015-12-22T18:50:07","modified_gmt":"2015-12-22T17:50:07","slug":"offer","status":"publish","type":"page","link":"http:\/\/costa-vertical.com\/de\/offer\/","title":{"rendered":"Was das Costa Vertical Team f\u00fcr Dich tun kann:"},"content":{"rendered":"<p>Die Costa Blanca hat sehr warme Sommer und milde Winter mit wenig Niederschlag und ist daher das ganze Jahr \u00fcber ein perfektes Reiseziel f\u00fcr Aktivurlauber. Hierbei liegt der Fokus auf Radfahren (ganzj\u00e4hrig), Klettern und Wandern (September bis Mai) sowie Wassersport (Mai bis Oktober).<\/p>\n<p>Das <strong>Costa Vertical<\/strong> Team kann sowohl f\u00fcr Individualreisende als auch Gruppen den perfekten Aktivurlaub organisieren. Wir bieten neben kompletten Arrangements incl. Transport, Unterkunft sowie verschiedener Outdoor-Aktivit\u00e4ten auch die M\u00f6glichkeit, aus den folgenden Bausteinen diejenigen zu w\u00e4hlen, die Ihren pers\u00f6nlichen Aktivurlaub zu einem besonderen Erlebnis werden lassen.<\/p>\n<ul>\n<li><a title=\"Unterkunft\" href=\"http:\/\/costa-vertical.com\/de\/offer\/accomodation\/\">Unterkunft<\/a><\/li>\n<li><a title=\"Transport\" href=\"http:\/\/costa-vertical.com\/de\/offer\/transportation\/\">Transport<\/a><\/li>\n<li><a title=\"Outdoor-Aktivit\u00e4ten\" href=\"http:\/\/costa-vertical.com\/de\/offer\/activities\/\">Outdoor-Aktivit\u00e4ten<br \/>\n<\/a>=&gt; <a title=\"Tagestouren\" href=\"http:\/\/costa-vertical.com\/de\/offer\/activities\/\">Tagestouren<\/a><br \/>\n=&gt; <a href=\"http:\/\/costa-vertical.com\/de\/offer\/activities\/introduction_sport_climbing\/\">Kurse &#8211; <strong><span style=\"color: #ff0000;\">NEU<\/span><\/strong><\/a><br \/>\n=&gt; <a title=\"Wochenarrangements - NEW\" href=\"http:\/\/costa-vertical.com\/de\/offer\/activities\/discover-costa-blancas-sierras\/\">Wochenarrangements<\/a><\/li>\n<li>Veranstaltungen f\u00fcr Firmen<\/li>\n<li><a href=\"http:\/\/costa-vertical.com\/de\/offer\/holidaycampscostablanca\/\">Kletter- und Abenteuer-Camps<\/a> f\u00fcr Schulen, Vereine und andere Jugendorganisationen<\/li>\n<\/ul>\n<p>Unser gesamtes Angebot k\u00f6nnen wir sowohl auf Englisch, Deutsch oder Spanisch durchf\u00fchren.<\/p>\n<p>Alle angegebenen Preise auf den folgenden Seiten sind Endpreise. Aufgrund des Kleinunternehmerstatus gem. \u00a7 19 UStG erheben wir keine Umsatzsteuer und weisen diese daher auch nicht aus.<\/p>","protected":false},"excerpt":{"rendered":"<p>Die Costa Blanca hat sehr warme Sommer und milde Winter mit wenig Niederschlag und ist daher das ganze Jahr \u00fcber ein perfektes Reiseziel f\u00fcr Aktivurlauber. Hierbei liegt der Fokus auf <a class=\"more-link\" href=\"http:\/\/costa-vertical.com\/de\/offer\/\">Continue Reading \u2192<\/a><\/p>\n","protected":false},"author":2,"featured_media":936,"parent":0,"menu_order":0,"comment_status":"closed","ping_status":"closed","template":"","meta":{"ngg_post_thumbnail":0,"footnotes":""},"class_list":["post-210","page","type-page","status-publish","has-post-thumbnail","hentry"],"aioseo_notices":[],"_links":{"self":[{"href":"http:\/\/costa-vertical.com\/de\/wp-json\/wp\/v2\/pages\/210"}],"collection":[{"href":"http:\/\/costa-vertical.com\/de\/wp-json\/wp\/v2\/pages"}],"about":[{"href":"http:\/\/costa-vertical.com\/de\/wp-json\/wp\/v2\/types\/page"}],"author":[{"embeddable":true,"href":"http:\/\/costa-vertical.com\/de\/wp-json\/wp\/v2\/users\/2"}],"replies":[{"embeddable":true,"href":"http:\/\/costa-vertical.com\/de\/wp-json\/wp\/v2\/comments?post=210"}],"version-history":[{"count":68,"href":"http:\/\/costa-vertical.com\/de\/wp-json\/wp\/v2\/pages\/210\/revisions"}],"predecessor-version":[{"id":916,"href":"http:\/\/costa-vertical.com\/de\/wp-json\/wp\/v2\/pages\/210\/revisions\/916"}],"wp:featuredmedia":[{"embeddable":true,"href":"http:\/\/costa-vertical.com\/de\/wp-json\/wp\/v2\/media\/936"}],"wp:attachment":[{"href":"http:\/\/costa-vertical.com\/de\/wp-json\/wp\/v2\/media?parent=210"}],"curies":[{"name":"wp","href":"https:\/\/api.w.org\/{rel}","templated":true}]}}