{"id":2096,"date":"2016-02-09T11:31:53","date_gmt":"2016-02-09T10:31:53","guid":{"rendered":"http:\/\/costa-vertical.com\/?page_id=2096"},"modified":"2016-02-09T11:31:55","modified_gmt":"2016-02-09T10:31:55","slug":"school-residentials","status":"publish","type":"page","link":"http:\/\/costa-vertical.com\/de\/offer\/holidaycampscostablanca\/school-residentials\/","title":{"rendered":"Klassenfahrten &#038; Freizeiten"},"content":{"rendered":"<p><strong><a href=\"http:\/\/costa-vertical.com\/offer\/holidaycampscostablanca\/multi-activity-camps\/luke\/#main\" rel=\"attachment wp-att-2091\"><img loading=\"lazy\" decoding=\"async\" class=\"wp-image-2091 alignright\" src=\"http:\/\/costa-vertical.com\/wp-content\/uploads\/Luke.jpg\" alt=\"Luke\" width=\"198\" height=\"264\" srcset=\"http:\/\/costa-vertical.com\/wp-content\/uploads\/Luke.jpg 720w, http:\/\/costa-vertical.com\/wp-content\/uploads\/Luke-510x680.jpg 510w\" sizes=\"(max-width: 198px) 100vw, 198px\" \/><\/a>Costa Vertical <\/strong>bietet spannende Klassenfahrten und Jugendfreizeiten f\u00fcr Ihre Sch\u00fcler \/ Jugendlichen an. W\u00e4hrend Ihres Aufenthaltes haben Sie die Wahl aus verschiedenen Natursportarten inkl. Klettern, Abseilen, Klettersteig gehen, Mountain Biking sowie Canyoning. Des Weiteren bieten wir auch Programme zur Pers\u00f6nlichkeitsentwicklung an.<\/p>\n<p>Die Trainer von <strong>Costa Vertical<\/strong> haben langj\u00e4hrige Erfahrung in der Arbeit mit Kindern und Jugendlichen und verf\u00fcgen \u00fcber Insider-Kenntnisse der Costa Blanca.<\/p>\n<p>Transport, Ausr\u00fcstung und Unterkunft sind im Gesamtpaket enthalten.<\/p>\n<p><strong><a href=\"http:\/\/costa-vertical.com\/offer\/activities\/rock-climbing-experience\/sella_sector-final_2\/#main\" rel=\"attachment wp-att-1412\"><img loading=\"lazy\" decoding=\"async\" class=\" wp-image-1412 alignleft\" src=\"http:\/\/costa-vertical.com\/wp-content\/uploads\/Sella_Sector-Final_2.jpg\" alt=\"Sella_Sector Final_2\" width=\"182\" height=\"243\" srcset=\"http:\/\/costa-vertical.com\/wp-content\/uploads\/Sella_Sector-Final_2.jpg 1536w, http:\/\/costa-vertical.com\/wp-content\/uploads\/Sella_Sector-Final_2-510x680.jpg 510w, http:\/\/costa-vertical.com\/wp-content\/uploads\/Sella_Sector-Final_2-768x1024.jpg 768w\" sizes=\"(max-width: 182px) 100vw, 182px\" \/><\/a>Agenda (Beispiel):<\/strong><\/p>\n<p><strong>TAG 1<\/strong> \u2013 Ankunft<br \/>\n<strong>TAG 2<\/strong> \u2013 Klettersteig &amp; Abseilen<br \/>\n<strong>TAG 3<\/strong> \u2013 Orientierungswanderung inkl. Grundlagen der Navigation. Das Ziel der Orientierungswanderung ist Sella. Dort \u00fcbernachtet Ihr auf unserer Basis mitten im \u00e4ltesten Klettergebiet der Costa Blanca und den n\u00e4chsten Tag wird an den beeindruckenden Kalkfelsen von Sella geklettert. Wir stellen die Schlafs\u00e4cke, Zelte und Isomatten\/Feldbetten<br \/>\n<strong>TAG 4<\/strong> \u2013 Klettern &amp; eine Halbtagestour\/-aktivit\u00e4t Ihrer Wahl (siehe unten)<br \/>\n<strong>TAG 5<\/strong> \u2013 Abreise<\/p>\n<p>Sie haben die Auswahl unter den folgenden <strong>Halbtagestouren\/-aktivit\u00e4ten<\/strong> w\u00e4hrend Ihrer Klassenfahrt \/ Freizeit:<\/p>\n<p><a href=\"http:\/\/costa-vertical.com\/offer\/holidaycampscostablanca\/school-residentials\/20150815_184144\/#main\" rel=\"attachment wp-att-2102\"><img loading=\"lazy\" decoding=\"async\" class=\"wp-image-2102 alignright\" src=\"http:\/\/costa-vertical.com\/wp-content\/uploads\/20150815_184144.jpg\" alt=\"20150815_184144\" width=\"323\" height=\"194\" srcset=\"http:\/\/costa-vertical.com\/wp-content\/uploads\/20150815_184144.jpg 1280w, http:\/\/costa-vertical.com\/wp-content\/uploads\/20150815_184144-680x408.jpg 680w, http:\/\/costa-vertical.com\/wp-content\/uploads\/20150815_184144-768x461.jpg 768w, http:\/\/costa-vertical.com\/wp-content\/uploads\/20150815_184144-1024x614.jpg 1024w\" sizes=\"(max-width: 323px) 100vw, 323px\" \/><\/a>* Strandbesuch an einem der nahegelegenen Str\u00e4nde der Umgebung im Sommer<\/p>\n<p>* Besuch der Orte Altea oder Guadalest inkl. Zwischenstopp an den \u201cFonts del Algar\u201d<\/p>\n<p>* Villajoiosa inkl. Besuch einer lokalen Schokoladenfabrik<\/p>\n<p>* Besuch eines der Freizeitparks an der Costa Blanca, z.B. Terra Mitica, Aqualandia oder MundoMar<\/p>\n<p>* Abenteuerspielketten oder erlebnisp\u00e4dagogische Elemente zur Pers\u00f6nlichkeitsentwicklung bzw. Teambuilding \u2013 Diese Aktivit\u00e4t kann auch einen ganzen Tag einnehmen.<\/p>\n<p>Nat\u00fcrlich gibt es noch viel mehr an der Costa Blanca zu erleben. <a href=\"http:\/\/costa-vertical.com\/de\/offer\/holidaycampscostablanca\/adventuredays\/\">Aber \u00fcberzeugen Sie sich selbst.<\/a><\/p>\n<p><a title=\"kontaktieren Sie uns\" href=\"http:\/\/costa-vertical.com\/de\/contact\/\">Kontaktieren Sie uns<\/a> f\u00fcr weitere Informationen oder konkrete Buchungsanfragen.<\/p>","protected":false},"excerpt":{"rendered":"<p>Costa Vertical bietet spannende Klassenfahrten und Jugendfreizeiten f\u00fcr Ihre Sch\u00fcler \/ Jugendlichen an. W\u00e4hrend Ihres Aufenthaltes haben Sie die Wahl aus verschiedenen Natursportarten inkl. Klettern, Abseilen, Klettersteig gehen, Mountain Biking <a class=\"more-link\" href=\"http:\/\/costa-vertical.com\/de\/offer\/holidaycampscostablanca\/school-residentials\/\">Continue Reading \u2192<\/a><\/p>\n","protected":false},"author":2,"featured_media":2101,"parent":1963,"menu_order":0,"comment_status":"closed","ping_status":"closed","template":"","meta":{"ngg_post_thumbnail":0,"footnotes":""},"class_list":["post-2096","page","type-page","status-publish","has-post-thumbnail","hentry"],"aioseo_notices":[],"_links":{"self":[{"href":"http:\/\/costa-vertical.com\/de\/wp-json\/wp\/v2\/pages\/2096"}],"collection":[{"href":"http:\/\/costa-vertical.com\/de\/wp-json\/wp\/v2\/pages"}],"about":[{"href":"http:\/\/costa-vertical.com\/de\/wp-json\/wp\/v2\/types\/page"}],"author":[{"embeddable":true,"href":"http:\/\/costa-vertical.com\/de\/wp-json\/wp\/v2\/users\/2"}],"replies":[{"embeddable":true,"href":"http:\/\/costa-vertical.com\/de\/wp-json\/wp\/v2\/comments?post=2096"}],"version-history":[{"count":11,"href":"http:\/\/costa-vertical.com\/de\/wp-json\/wp\/v2\/pages\/2096\/revisions"}],"predecessor-version":[{"id":2112,"href":"http:\/\/costa-vertical.com\/de\/wp-json\/wp\/v2\/pages\/2096\/revisions\/2112"}],"up":[{"embeddable":true,"href":"http:\/\/costa-vertical.com\/de\/wp-json\/wp\/v2\/pages\/1963"}],"wp:featuredmedia":[{"embeddable":true,"href":"http:\/\/costa-vertical.com\/de\/wp-json\/wp\/v2\/media\/2101"}],"wp:attachment":[{"href":"http:\/\/costa-vertical.com\/de\/wp-json\/wp\/v2\/media?parent=2096"}],"curies":[{"name":"wp","href":"https:\/\/api.w.org\/{rel}","templated":true}]}}