{"id":2084,"date":"2016-02-09T10:12:01","date_gmt":"2016-02-09T09:12:01","guid":{"rendered":"http:\/\/costa-vertical.com\/?page_id=2084"},"modified":"2016-02-09T11:23:06","modified_gmt":"2016-02-09T10:23:06","slug":"multi-activity-camps","status":"publish","type":"page","link":"http:\/\/costa-vertical.com\/de\/offer\/holidaycampscostablanca\/multi-activity-camps\/","title":{"rendered":"Abenteuer-Camps"},"content":{"rendered":"<p><strong><a href=\"http:\/\/costa-vertical.com\/magical-mystery\/p1060400\/#main\" rel=\"attachment wp-att-1998\"><img loading=\"lazy\" decoding=\"async\" class=\"alignright wp-image-1998\" src=\"http:\/\/costa-vertical.com\/wp-content\/uploads\/P1060400-e1453981004778.jpg\" alt=\"\" width=\"235\" height=\"314\" \/><\/a>Costa Vertical<\/strong> bietet eine spannende und mit vielen Aktivit\u00e4ten gespickte Abenteuerwoche. W\u00e4hrend des Camps habt Ihr die Auswahl aus vielen verschiedenen Natursportarten inkl. Klettern, Abseilen, Klettersteig gehen, Mountainbiken, Canyoning und im Sommer Deep Water Soloing. Unsere Guides besprechen mit Euch die jeweiligen Aktivit\u00e4ten und unterst\u00fctzen Euch bei der Auswahl der f\u00fcr Eure Gruppe geeigneten Aktivit\u00e4ten w\u00e4hrend Eures Aufenthaltes.<\/p>\n<p><strong>Costa Vertical<\/strong> gibt Insider-Tipps zur Costa Blanca und f\u00fchrt die jeweiligen Aktivit\u00e4ten f\u00fcr Euch durch. Des Weiteren kann auch notwendige Ausr\u00fcstung von Euch ausgeliehen werden.<\/p>\n<p><strong>Costa Vertical<\/strong> \u00fcbernimmt den Transport in der gesamten Woche und organisiert die von Euch gew\u00fcnschte Unterkunft.<\/p>\n<p><strong><a href=\"http:\/\/costa-vertical.com\/luke\/\" rel=\"attachment wp-att-2091\"><img loading=\"lazy\" decoding=\"async\" class=\"wp-image-2091 alignleft\" src=\"http:\/\/costa-vertical.com\/wp-content\/uploads\/Luke.jpg\" alt=\"Luke\" width=\"245\" height=\"327\" srcset=\"http:\/\/costa-vertical.com\/wp-content\/uploads\/Luke.jpg 720w, http:\/\/costa-vertical.com\/wp-content\/uploads\/Luke-510x680.jpg 510w\" sizes=\"(max-width: 245px) 100vw, 245px\" \/><\/a>Agenda (Beispiel)<\/strong>:<\/p>\n<p><strong>TAG 1<\/strong> \u2013 Ankunft<br \/>\n<strong>TAG 2<\/strong> \u2013 Klettersteig &amp; Abseilen<br \/>\n<strong>TAG 3<\/strong> \u2013 Orientierungswanderung inkl. Grundlagen der Navigation. Das Ziel der Orientierungswanderung ist Sella. Dort \u00fcbernachtet Ihr auf unserer Basis mitten im \u00e4ltesten Klettergebiet der Costa Blanca und den n\u00e4chsten Tag wird an den beeindruckenden Kalkfelsen von Sella geklettert. Wir stellen die Schlafs\u00e4cke, Zelte und Isomatten\/Feldbetten<br \/>\n<strong>TAG 4<\/strong> \u2013 Klettern<br \/>\n<strong>TAG 5<\/strong> \u2013 Tag zur freienVerf\u00fcgung<br \/>\n<strong>TAG 6<\/strong> \u2013 Canyoning &amp; Good-Bye Dinner<br \/>\n<strong>TAG 7<\/strong> \u2013 Abreise<\/p>\n<p>An Eurem freien Tag \u00fcbernimmt <strong>Costa Vertical<\/strong> den Transport in die nahe Umgebung. Ihr habt die <a href=\"http:\/\/costa-vertical.com\/?attachment_id=2102#main\" rel=\"attachment wp-att-2102\"><img loading=\"lazy\" decoding=\"async\" class=\"wp-image-2102 alignright\" src=\"http:\/\/costa-vertical.com\/wp-content\/uploads\/20150815_184144.jpg\" alt=\"20150815_184144\" width=\"323\" height=\"194\" srcset=\"http:\/\/costa-vertical.com\/wp-content\/uploads\/20150815_184144.jpg 1280w, http:\/\/costa-vertical.com\/wp-content\/uploads\/20150815_184144-680x408.jpg 680w, http:\/\/costa-vertical.com\/wp-content\/uploads\/20150815_184144-768x461.jpg 768w, http:\/\/costa-vertical.com\/wp-content\/uploads\/20150815_184144-1024x614.jpg 1024w\" sizes=\"(max-width: 323px) 100vw, 323px\" \/><\/a>M\u00f6glichkeit, die umliegenden D\u00f6rfer zu erkunden, oder die Str\u00e4nde der Costa Blanca \u2013 im Sommer ist Cala Moraig ein beliebter DWS Spot \u2013 oder der Strand von Villajoiosa zu besuchen. In Villajoiosa lohnt au\u00dferdem der Besuch des Schokoladenmuseum inkl. Verkostung der dort hergestellten Leckereien.<\/p>\n<p>Nat\u00fcrlich gibt es noch viel mehr an der Costa Blanca zu erleben. <a href=\"http:\/\/costa-vertical.com\/de\/offer\/holidaycampscostablanca\/adventuredays\/\">Aber \u00fcberzeugt Euch selbst.<\/a><\/p>\n<p><a title=\"kontaktieren Sie uns\" href=\"http:\/\/costa-vertical.com\/de\/contact\/\">Kontaktiert uns<\/a> f\u00fcr weitere Informationen oder konkrete Buchungsanfragen.<\/p>","protected":false},"excerpt":{"rendered":"<p>Costa Vertical bietet eine spannende und mit vielen Aktivit\u00e4ten gespickte Abenteuerwoche. W\u00e4hrend des Camps habt Ihr die Auswahl aus vielen verschiedenen Natursportarten inkl. Klettern, Abseilen, Klettersteig gehen, Mountainbiken, Canyoning und <a class=\"more-link\" href=\"http:\/\/costa-vertical.com\/de\/offer\/holidaycampscostablanca\/multi-activity-camps\/\">Continue Reading \u2192<\/a><\/p>\n","protected":false},"author":2,"featured_media":1868,"parent":1963,"menu_order":0,"comment_status":"closed","ping_status":"closed","template":"","meta":{"ngg_post_thumbnail":0,"footnotes":""},"class_list":["post-2084","page","type-page","status-publish","has-post-thumbnail","hentry"],"aioseo_notices":[],"_links":{"self":[{"href":"http:\/\/costa-vertical.com\/de\/wp-json\/wp\/v2\/pages\/2084"}],"collection":[{"href":"http:\/\/costa-vertical.com\/de\/wp-json\/wp\/v2\/pages"}],"about":[{"href":"http:\/\/costa-vertical.com\/de\/wp-json\/wp\/v2\/types\/page"}],"author":[{"embeddable":true,"href":"http:\/\/costa-vertical.com\/de\/wp-json\/wp\/v2\/users\/2"}],"replies":[{"embeddable":true,"href":"http:\/\/costa-vertical.com\/de\/wp-json\/wp\/v2\/comments?post=2084"}],"version-history":[{"count":9,"href":"http:\/\/costa-vertical.com\/de\/wp-json\/wp\/v2\/pages\/2084\/revisions"}],"predecessor-version":[{"id":2106,"href":"http:\/\/costa-vertical.com\/de\/wp-json\/wp\/v2\/pages\/2084\/revisions\/2106"}],"up":[{"embeddable":true,"href":"http:\/\/costa-vertical.com\/de\/wp-json\/wp\/v2\/pages\/1963"}],"wp:featuredmedia":[{"embeddable":true,"href":"http:\/\/costa-vertical.com\/de\/wp-json\/wp\/v2\/media\/1868"}],"wp:attachment":[{"href":"http:\/\/costa-vertical.com\/de\/wp-json\/wp\/v2\/media?parent=2084"}],"curies":[{"name":"wp","href":"https:\/\/api.w.org\/{rel}","templated":true}]}}