{"id":2051,"date":"2016-01-28T12:42:52","date_gmt":"2016-01-28T11:42:52","guid":{"rendered":"http:\/\/costa-vertical.com\/?page_id=2051"},"modified":"2016-01-28T12:42:54","modified_gmt":"2016-01-28T11:42:54","slug":"adventuredays","status":"publish","type":"page","link":"http:\/\/costa-vertical.com\/de\/offer\/holidaycampscostablanca\/adventuredays\/","title":{"rendered":"Erlebnistage"},"content":{"rendered":"<p><strong>Costa Vertical<\/strong> bietet au\u00dferdem Erlebnistage an, welche entweder im Rahmen des von Euch gew\u00fcnschten Pakets oder auch individuell gebucht werden k\u00f6nnen.<\/p>\n<p><a title=\"kontaktieren Sie uns\" href=\"http:\/\/costa-vertical.com\/de\/contact\/\">Kontaktiert uns<\/a> einfach f\u00fcr weitere Informationen oder konkrete Buchungsanfragen.<\/p>\n<div id=\"attachment_960\" style=\"width: 356px\" class=\"wp-caption alignright\"><a href=\"http:\/\/costa-vertical.com\/topo-doggy-guantanamo\/sella2\/#main\" rel=\"attachment wp-att-960\"><img loading=\"lazy\" decoding=\"async\" aria-describedby=\"caption-attachment-960\" class=\"wp-image-960\" src=\"http:\/\/costa-vertical.com\/wp-content\/uploads\/sella2.jpg\" alt=\"\" width=\"346\" height=\"225\" srcset=\"http:\/\/costa-vertical.com\/wp-content\/uploads\/sella2.jpg 2876w, http:\/\/costa-vertical.com\/wp-content\/uploads\/sella2-680x442.jpg 680w, http:\/\/costa-vertical.com\/wp-content\/uploads\/sella2-1024x666.jpg 1024w\" sizes=\"(max-width: 346px) 100vw, 346px\" \/><\/a><p id=\"caption-attachment-960\" class=\"wp-caption-text\">Ziel der Orientierungswanderung!<\/p><\/div>\n<p><strong>ORIENTIERUNGSWANDERUNG<\/strong><\/p>\n<p>Orientierungswanderung inkl. Grundlagen der Navigation. Das Ziel der Orientierungswanderung ist Sella. Dort besteht au\u00dferdem die M\u00f6glichkeit auf unserer Basis mitten im \u00e4ltesten Klettergebiet der Costa Blanca zu campen und den n\u00e4chsten Tag an den beeindruckenden Kalkfelsen von Sella zu klettern. Wir stellen die Schlafs\u00e4cke, Zelte und Isomatten\/Feldbetten.<\/p>\n<p>&nbsp;<\/p>\n<div id=\"attachment_1868\" style=\"width: 337px\" class=\"wp-caption alignleft\"><a href=\"http:\/\/costa-vertical.com\/to-the-summit-of-the-sleeping-lion\/p1050981\/#main\" rel=\"attachment wp-att-1868\"><img loading=\"lazy\" decoding=\"async\" aria-describedby=\"caption-attachment-1868\" class=\"wp-image-1868\" src=\"http:\/\/costa-vertical.com\/wp-content\/uploads\/P1050981.jpg\" alt=\"The Start of the Via Ferrata\" width=\"327\" height=\"184\" srcset=\"http:\/\/costa-vertical.com\/wp-content\/uploads\/P1050981.jpg 1280w, http:\/\/costa-vertical.com\/wp-content\/uploads\/P1050981-680x383.jpg 680w, http:\/\/costa-vertical.com\/wp-content\/uploads\/P1050981-1024x576.jpg 1024w\" sizes=\"(max-width: 327px) 100vw, 327px\" \/><\/a><p id=\"caption-attachment-1868\" class=\"wp-caption-text\">Klettersteig am Ponoig.<\/p><\/div>\n<p><strong>ERLEBNISTAG<\/strong><\/p>\n<p>Wir gehen morgens einen Klettersteig. Auf dem Abstieg erwartet uns eine 50 Meter hohe Klippe, die wir durch Abseilen \u00fcberwinden. Am Nachmittag besuchen wir einen der Freizeitparks in Benidorm &#8211; Terra Mitica, Aqualandia oder MundoMar.<\/p>\n<p>&nbsp;<\/p>\n<div id=\"attachment_2061\" style=\"width: 313px\" class=\"wp-caption alignright\"><a href=\"http:\/\/costa-vertical.com\/offer\/holidaycampscostablanca\/adventuredays\/p1050801\/#main\" rel=\"attachment wp-att-2061\"><img loading=\"lazy\" decoding=\"async\" aria-describedby=\"caption-attachment-2061\" class=\"wp-image-2061\" src=\"http:\/\/costa-vertical.com\/wp-content\/uploads\/P1050801.jpg\" alt=\"P1050801\" width=\"303\" height=\"227\" srcset=\"http:\/\/costa-vertical.com\/wp-content\/uploads\/P1050801.jpg 1280w, http:\/\/costa-vertical.com\/wp-content\/uploads\/P1050801-680x510.jpg 680w, http:\/\/costa-vertical.com\/wp-content\/uploads\/P1050801-768x576.jpg 768w, http:\/\/costa-vertical.com\/wp-content\/uploads\/P1050801-1024x768.jpg 1024w\" sizes=\"(max-width: 303px) 100vw, 303px\" \/><\/a><p id=\"caption-attachment-2061\" class=\"wp-caption-text\">Es geht los vom Safari Aitana Park.<\/p><\/div>\n<p><strong>DOWNHILL BIKE RIDE<\/strong><\/p>\n<p>The Famous Downhill Bike Ride bringt dich hinauf in die Sierra Aitana. Von dort geht es fast 30 Kilometer auf dem Fahrrad bergab. Wir besuchen dabei die D\u00f6rfer Penaguila, Alcoleja und Sella. Mittags essen wir im h\u00f6chsten Safaripark Europas \u2013 Safari Aitana. Und nach dem Essen auf dem Weg hinab nach Sella k\u00f6nnt Ihr auch ein oder zwei Tiger sehen.<\/p>\n<p>&nbsp;<\/p>\n<div id=\"attachment_2065\" style=\"width: 262px\" class=\"wp-caption alignleft\"><a href=\"http:\/\/costa-vertical.com\/offer\/holidaycampscostablanca\/adventuredays\/img_20160116_102032\/#main\" rel=\"attachment wp-att-2065\"><img loading=\"lazy\" decoding=\"async\" aria-describedby=\"caption-attachment-2065\" class=\"wp-image-2065\" src=\"http:\/\/costa-vertical.com\/wp-content\/uploads\/IMG_20160116_102032.jpg\" alt=\"IMG_20160116_102032\" width=\"252\" height=\"252\" srcset=\"http:\/\/costa-vertical.com\/wp-content\/uploads\/IMG_20160116_102032.jpg 1536w, http:\/\/costa-vertical.com\/wp-content\/uploads\/IMG_20160116_102032-150x150.jpg 150w, http:\/\/costa-vertical.com\/wp-content\/uploads\/IMG_20160116_102032-680x680.jpg 680w, http:\/\/costa-vertical.com\/wp-content\/uploads\/IMG_20160116_102032-768x768.jpg 768w, http:\/\/costa-vertical.com\/wp-content\/uploads\/IMG_20160116_102032-1024x1024.jpg 1024w\" sizes=\"(max-width: 252px) 100vw, 252px\" \/><\/a><p id=\"caption-attachment-2065\" class=\"wp-caption-text\">Markthalle von Alicante<\/p><\/div>\n<p><strong>CITY-TOUR &#8222;ALICANTE&#8220;<\/strong><\/p>\n<p>Shoppen &amp; Kultur in Alicante. Wir bringen Euch nach Alicante und besuchen die historische Burg \u201cSt. Barbara\u201d. Am Nachmittag habt Ihr die M\u00f6glichkeit zum Shoppen, den \u201cMercado Central\u201d zu besuchen, an den Strand zu gehen oder die Stadt auf eigene Faust zu erkunden. Alicante\u2019s Strandpromenade \u201cExplanada de Espa\u00f1a\u201d ist auch einen Besuch wert und l\u00e4dt zum Spaziergang am Wasser mit Blick auf den Yachthafen ein.<\/p>\n<p>&nbsp;<\/p>\n<p><strong>CITY-TOUR &#8222;VALENCIA&#8220;<\/strong><\/p>\n<p>Valencia ist die drittgr\u00f6\u00dfte Stadt in Spanien. Wir bringen Euch nach Valencia und zeigen Euch die Stadt. Unsere Stadtf\u00fchrung beginnt mit einem Besuch des \u201cMercado Central\u201d und zur St\u00e4rkung ein paar \u201cChurros\u201d mit hei\u00dfer Schokolade. Danach besichtigen wir die sch\u00f6nsten Pl\u00e4tze Valencias mit ihrer beeindruckenden Architektur. Weiter geht\u2019s mit einem Spaziergang durch die G\u00e4rten des Rio Turia mit der vielf\u00e4ltigen Vegetation u.a. dem \u201cbetrunkenen Stock\u201d. Unsere Stadttour endet mit einem Besuch der \u201cCuidad de las Artes y las Ciencias\u201d.<\/p>\n<p>&nbsp;<\/p>","protected":false},"excerpt":{"rendered":"<p>Costa Vertical bietet au\u00dferdem Erlebnistage an, welche entweder im Rahmen des von Euch gew\u00fcnschten Pakets oder auch individuell gebucht werden k\u00f6nnen. Kontaktiert uns einfach f\u00fcr weitere Informationen oder konkrete Buchungsanfragen. <a class=\"more-link\" href=\"http:\/\/costa-vertical.com\/de\/offer\/holidaycampscostablanca\/adventuredays\/\">Continue Reading \u2192<\/a><\/p>\n","protected":false},"author":2,"featured_media":1943,"parent":1963,"menu_order":0,"comment_status":"closed","ping_status":"closed","template":"","meta":{"ngg_post_thumbnail":0,"footnotes":""},"class_list":["post-2051","page","type-page","status-publish","has-post-thumbnail","hentry"],"aioseo_notices":[],"_links":{"self":[{"href":"http:\/\/costa-vertical.com\/de\/wp-json\/wp\/v2\/pages\/2051"}],"collection":[{"href":"http:\/\/costa-vertical.com\/de\/wp-json\/wp\/v2\/pages"}],"about":[{"href":"http:\/\/costa-vertical.com\/de\/wp-json\/wp\/v2\/types\/page"}],"author":[{"embeddable":true,"href":"http:\/\/costa-vertical.com\/de\/wp-json\/wp\/v2\/users\/2"}],"replies":[{"embeddable":true,"href":"http:\/\/costa-vertical.com\/de\/wp-json\/wp\/v2\/comments?post=2051"}],"version-history":[{"count":16,"href":"http:\/\/costa-vertical.com\/de\/wp-json\/wp\/v2\/pages\/2051\/revisions"}],"predecessor-version":[{"id":2072,"href":"http:\/\/costa-vertical.com\/de\/wp-json\/wp\/v2\/pages\/2051\/revisions\/2072"}],"up":[{"embeddable":true,"href":"http:\/\/costa-vertical.com\/de\/wp-json\/wp\/v2\/pages\/1963"}],"wp:featuredmedia":[{"embeddable":true,"href":"http:\/\/costa-vertical.com\/de\/wp-json\/wp\/v2\/media\/1943"}],"wp:attachment":[{"href":"http:\/\/costa-vertical.com\/de\/wp-json\/wp\/v2\/media?parent=2051"}],"curies":[{"name":"wp","href":"https:\/\/api.w.org\/{rel}","templated":true}]}}