{"id":2040,"date":"2016-01-28T10:27:40","date_gmt":"2016-01-28T09:27:40","guid":{"rendered":"http:\/\/costa-vertical.com\/?page_id=2040"},"modified":"2016-02-09T11:21:32","modified_gmt":"2016-02-09T10:21:32","slug":"climbing-camps","status":"publish","type":"page","link":"http:\/\/costa-vertical.com\/de\/offer\/holidaycampscostablanca\/climbing-camps\/","title":{"rendered":"Klettercamps"},"content":{"rendered":"<p><a href=\"http:\/\/costa-vertical.com\/offer\/activities\/rock-climbing-experience\/thumbs-up\/#main\" rel=\"attachment wp-att-1413\"><img loading=\"lazy\" decoding=\"async\" class=\"wp-image-1413 alignright\" src=\"http:\/\/costa-vertical.com\/wp-content\/uploads\/Thumbs-Up.jpg\" alt=\"Thumbs Up\" width=\"226\" height=\"301\" \/><\/a><strong>Costa Vertical<\/strong> bietet Euch spannende Kletterwochen. Die Auswahl an Klettergebieten ist enorm. Egal ob kurze Sportkletterouten direkt am Meer oder alpine Mehrseill\u00e4ngen \u2013 sowohl Anf\u00e4nger als auch Profis kommen an der Costa Blanca auf ihre Kosten. Unsere Guides besprechen mit Euch die einzelnen Kletterm\u00f6glichkeiten und unterst\u00fctzen Euch bei der Auswahl der f\u00fcr die Gruppe geeigneten Klettergebiete.<\/p>\n<p><strong>Costa Vertical<\/strong> gibt Tipps zu den einzelnen Klettergebieten und f\u00fchrt bei Bedarf Kletterkurse f\u00fcr Euch durch. Des Weiteren verleiht Costa Vertical auch die jeweils notwendige Ausr\u00fcstung.<\/p>\n<p><strong>Costa Vertical<\/strong> \u00fcbernimmt den Transport zu den Klettergebieten und organisiert die von Euch gew\u00fcnschte Unterkunft.<\/p>\n<p><a href=\"http:\/\/costa-vertical.com\/offer\/activities\/rock-climbing-experience\/sella_sector-final_2\/#main\" rel=\"attachment wp-att-1412\"><img loading=\"lazy\" decoding=\"async\" class=\"wp-image-1412 alignleft\" src=\"http:\/\/costa-vertical.com\/wp-content\/uploads\/Sella_Sector-Final_2.jpg\" alt=\"Sella_Sector Final_2\" width=\"172\" height=\"229\" srcset=\"http:\/\/costa-vertical.com\/wp-content\/uploads\/Sella_Sector-Final_2.jpg 1536w, http:\/\/costa-vertical.com\/wp-content\/uploads\/Sella_Sector-Final_2-510x680.jpg 510w, http:\/\/costa-vertical.com\/wp-content\/uploads\/Sella_Sector-Final_2-768x1024.jpg 768w\" sizes=\"(max-width: 172px) 100vw, 172px\" \/><\/a><strong>Agenda (Beispiel):<\/strong><\/p>\n<p><strong>TAG 1<\/strong> &#8211; Ankunft<br \/>\n<strong>TAG 2<\/strong> &#8211; Klettern, so viel Ihr wollt<br \/>\n<strong>TAG 3<\/strong> &#8211; Klettern, so viel Ihr wollt<br \/>\n<strong>TAG 4<\/strong> &#8211; Tag zur freien Verf\u00fcgung<br \/>\n<strong>TAG 5<\/strong> &#8211; Klettern, so viel Ihr wollt<br \/>\n<strong>TAG 6<\/strong> &#8211; Klettern, so viel Ihr wollt &amp; Good-Bye Dinner<br \/>\n<strong>TAG 7<\/strong> &#8211; Abreise<\/p>\n<p>&nbsp;<\/p>\n<p>An Eurem freien Tag \u00fcbernimmt <strong>Costa Vertical<\/strong> den Transport in die nahe Umgebung. Ih<a href=\"http:\/\/costa-vertical.com\/?attachment_id=2102#main\" rel=\"attachment wp-att-2102\"><img loading=\"lazy\" decoding=\"async\" class=\"wp-image-2102 alignright\" src=\"http:\/\/costa-vertical.com\/wp-content\/uploads\/20150815_184144.jpg\" alt=\"20150815_184144\" width=\"323\" height=\"194\" srcset=\"http:\/\/costa-vertical.com\/wp-content\/uploads\/20150815_184144.jpg 1280w, http:\/\/costa-vertical.com\/wp-content\/uploads\/20150815_184144-680x408.jpg 680w, http:\/\/costa-vertical.com\/wp-content\/uploads\/20150815_184144-768x461.jpg 768w, http:\/\/costa-vertical.com\/wp-content\/uploads\/20150815_184144-1024x614.jpg 1024w\" sizes=\"(max-width: 323px) 100vw, 323px\" \/><\/a>r habt die M\u00f6glichkeit, die umliegenden D\u00f6rfer zu erkunden, oder die Str\u00e4nde der Costa Blanca \u2013 im Sommer ist Cala Moraig ein beliebter DWS Spot \u2013 oder der Strand von Villajoiosa zu besuchen. In Villajoiosa lohnt au\u00dferdem der Besuch des Schokoladenmuseum inkl. Verkostung der dort hergestellten Leckereien.<\/p>\n<p>Nat\u00fcrlich gibt es noch viel mehr an der Costa Blanca zu erleben. <a href=\"http:\/\/costa-vertical.com\/de\/offer\/holidaycampscostablanca\/adventuredays\/\">Aber \u00fcberzeugt Euch selbst.<\/a><\/p>\n<p><a title=\"kontaktieren Sie uns\" href=\"http:\/\/costa-vertical.com\/de\/contact\/\">Kontaktiert uns<\/a> f\u00fcr weitere Informationen oder konkrete Buchungsanfragen.<\/p>","protected":false},"excerpt":{"rendered":"<p>Costa Vertical bietet Euch spannende Kletterwochen. Die Auswahl an Klettergebieten ist enorm. Egal ob kurze Sportkletterouten direkt am Meer oder alpine Mehrseill\u00e4ngen \u2013 sowohl Anf\u00e4nger als auch Profis kommen an <a class=\"more-link\" href=\"http:\/\/costa-vertical.com\/de\/offer\/holidaycampscostablanca\/climbing-camps\/\">Continue Reading \u2192<\/a><\/p>\n","protected":false},"author":2,"featured_media":1410,"parent":1963,"menu_order":0,"comment_status":"closed","ping_status":"closed","template":"","meta":{"ngg_post_thumbnail":0,"footnotes":""},"class_list":["post-2040","page","type-page","status-publish","has-post-thumbnail","hentry"],"aioseo_notices":[],"_links":{"self":[{"href":"http:\/\/costa-vertical.com\/de\/wp-json\/wp\/v2\/pages\/2040"}],"collection":[{"href":"http:\/\/costa-vertical.com\/de\/wp-json\/wp\/v2\/pages"}],"about":[{"href":"http:\/\/costa-vertical.com\/de\/wp-json\/wp\/v2\/types\/page"}],"author":[{"embeddable":true,"href":"http:\/\/costa-vertical.com\/de\/wp-json\/wp\/v2\/users\/2"}],"replies":[{"embeddable":true,"href":"http:\/\/costa-vertical.com\/de\/wp-json\/wp\/v2\/comments?post=2040"}],"version-history":[{"count":11,"href":"http:\/\/costa-vertical.com\/de\/wp-json\/wp\/v2\/pages\/2040\/revisions"}],"predecessor-version":[{"id":2105,"href":"http:\/\/costa-vertical.com\/de\/wp-json\/wp\/v2\/pages\/2040\/revisions\/2105"}],"up":[{"embeddable":true,"href":"http:\/\/costa-vertical.com\/de\/wp-json\/wp\/v2\/pages\/1963"}],"wp:featuredmedia":[{"embeddable":true,"href":"http:\/\/costa-vertical.com\/de\/wp-json\/wp\/v2\/media\/1410"}],"wp:attachment":[{"href":"http:\/\/costa-vertical.com\/de\/wp-json\/wp\/v2\/media?parent=2040"}],"curies":[{"name":"wp","href":"https:\/\/api.w.org\/{rel}","templated":true}]}}