{"id":1963,"date":"2015-12-22T13:57:36","date_gmt":"2015-12-22T12:57:36","guid":{"rendered":"http:\/\/costa-vertical.com\/?page_id=1963"},"modified":"2016-02-09T12:11:30","modified_gmt":"2016-02-09T11:11:30","slug":"holidaycampscostablanca","status":"publish","type":"page","link":"http:\/\/costa-vertical.com\/de\/offer\/holidaycampscostablanca\/","title":{"rendered":"Kletter-\/Abenteuer-Camps f\u00fcr Schulen, Vereine und andere Jugendorganisationen"},"content":{"rendered":"<p>Die Costa Blanca bietet mit ihrer Infrastruktur und der einzigartigen Landschaft die ideale Basis f\u00fcr individuelle<a href=\"http:\/\/costa-vertical.com\/img_8068\/\" rel=\"attachment wp-att-907\"><img loading=\"lazy\" decoding=\"async\" class=\"wp-image-907 alignleft\" src=\"http:\/\/costa-vertical.com\/wp-content\/uploads\/ngg_featured\/IMG_8068-1-e1445366342747.jpg\" alt=\"Toix\" width=\"351\" height=\"233\" \/><\/a> Abenteuer- und Kletter-Camps f\u00fcr Jugendgruppen, Schulklassen, Vereine und Organisationen. Aufgrund ihrer Lage zwischen zwei internationalen Flugh\u00e4fen in Valencia und Alicante ist die Costa Blanca nur einen Kurzstreckenflug von einem Ihnen nahegelegenen Flughafen entfernt. Die St\u00e4dte Valencia und Alicante sind mit ihren historischen Altst\u00e4dten und interessanten Sehensw\u00fcrdigkeiten ebenso einen Besuch wert und k\u00f6nnen gerne w\u00e4hrend Ihres Aufenthaltes besucht werden.<\/p>\n<p><strong><a href=\"http:\/\/costa-vertical.com\/offer\/activities\/rock-climbing-experience\/sella_sector-final_2\/#main\" rel=\"attachment wp-att-1412\"><img loading=\"lazy\" decoding=\"async\" class=\"wp-image-1412 alignright\" src=\"http:\/\/costa-vertical.com\/wp-content\/uploads\/Sella_Sector-Final_2.jpg\" alt=\"Sella_Sector Final_2\" width=\"162\" height=\"216\" srcset=\"http:\/\/costa-vertical.com\/wp-content\/uploads\/Sella_Sector-Final_2.jpg 1536w, http:\/\/costa-vertical.com\/wp-content\/uploads\/Sella_Sector-Final_2-510x680.jpg 510w, http:\/\/costa-vertical.com\/wp-content\/uploads\/Sella_Sector-Final_2-768x1024.jpg 768w\" sizes=\"(max-width: 162px) 100vw, 162px\" \/><\/a>Costa Vertical<\/strong> unterst\u00fctzt Sie bei der Organisation des perfekten Kletter- oder Abenteuer-Camps hier an der Costa Blanca.<\/p>\n<p><strong>Costa Vertical<\/strong> \u00fcbernimmt die Reiseleitung, leitet die von Ihnen gebuchten Aktivit\u00e4ten und bietet ma\u00dfgeschneiderte Trainings mit erlebnisp\u00e4dagogischen Hintergrund.<\/p>\n<p><strong><a href=\"http:\/\/costa-vertical.com\/offer\/holidaycampscostablanca\/multi-activity-camps\/luke\/#main\" rel=\"attachment wp-att-2091\"><img loading=\"lazy\" decoding=\"async\" class=\" wp-image-2091 alignleft\" src=\"http:\/\/costa-vertical.com\/wp-content\/uploads\/Luke.jpg\" alt=\"Luke\" width=\"212\" height=\"283\" srcset=\"http:\/\/costa-vertical.com\/wp-content\/uploads\/Luke.jpg 720w, http:\/\/costa-vertical.com\/wp-content\/uploads\/Luke-510x680.jpg 510w\" sizes=\"(max-width: 212px) 100vw, 212px\" \/><\/a>Costa Vertical<\/strong> bietet im Moment die folgenden Aktivit\u00e4ten und Camps an:<\/p>\n<ul>\n<li><a href=\"http:\/\/costa-vertical.com\/de\/offer\/holidaycampscostablanca\/climbing-camps\/\">Kletter-Camps<\/a><\/li>\n<li><a href=\"http:\/\/costa-vertical.com\/de\/offer\/holidaycampscostablanca\/multi-activity-camps\/\" target=\"_blank\">Abenteuer-Camps<\/a><\/li>\n<li><a href=\"http:\/\/costa-vertical.com\/de\/offer\/holidaycampscostablanca\/school-residentials\/\">Klassenfahrten &amp; Freizeiten<\/a><\/li>\n<li><a href=\"http:\/\/costa-vertical.com\/de\/offer\/holidaycampscostablanca\/adventuredays\/\">Erlebnistage<\/a><\/li>\n<li>Teambuilding-Tage &amp; Abenteuerspielketten<\/li>\n<\/ul>\n<p><a title=\"kontaktieren Sie uns\" href=\"http:\/\/costa-vertical.com\/de\/contact\/\">Kontaktieren Sie uns<\/a> f\u00fcr weitere Informationen oder konkrete Buchungsanfragen.<\/p>","protected":false},"excerpt":{"rendered":"<p>Die Costa Blanca bietet mit ihrer Infrastruktur und der einzigartigen Landschaft die ideale Basis f\u00fcr individuelle Abenteuer- und Kletter-Camps f\u00fcr Jugendgruppen, Schulklassen, Vereine und Organisationen. Aufgrund ihrer Lage zwischen zwei <a class=\"more-link\" href=\"http:\/\/costa-vertical.com\/de\/offer\/holidaycampscostablanca\/\">Continue Reading \u2192<\/a><\/p>\n","protected":false},"author":2,"featured_media":1979,"parent":210,"menu_order":0,"comment_status":"closed","ping_status":"closed","template":"","meta":{"ngg_post_thumbnail":0,"footnotes":""},"class_list":["post-1963","page","type-page","status-publish","has-post-thumbnail","hentry"],"aioseo_notices":[],"_links":{"self":[{"href":"http:\/\/costa-vertical.com\/de\/wp-json\/wp\/v2\/pages\/1963"}],"collection":[{"href":"http:\/\/costa-vertical.com\/de\/wp-json\/wp\/v2\/pages"}],"about":[{"href":"http:\/\/costa-vertical.com\/de\/wp-json\/wp\/v2\/types\/page"}],"author":[{"embeddable":true,"href":"http:\/\/costa-vertical.com\/de\/wp-json\/wp\/v2\/users\/2"}],"replies":[{"embeddable":true,"href":"http:\/\/costa-vertical.com\/de\/wp-json\/wp\/v2\/comments?post=1963"}],"version-history":[{"count":14,"href":"http:\/\/costa-vertical.com\/de\/wp-json\/wp\/v2\/pages\/1963\/revisions"}],"predecessor-version":[{"id":2118,"href":"http:\/\/costa-vertical.com\/de\/wp-json\/wp\/v2\/pages\/1963\/revisions\/2118"}],"up":[{"embeddable":true,"href":"http:\/\/costa-vertical.com\/de\/wp-json\/wp\/v2\/pages\/210"}],"wp:featuredmedia":[{"embeddable":true,"href":"http:\/\/costa-vertical.com\/de\/wp-json\/wp\/v2\/media\/1979"}],"wp:attachment":[{"href":"http:\/\/costa-vertical.com\/de\/wp-json\/wp\/v2\/media?parent=1963"}],"curies":[{"name":"wp","href":"https:\/\/api.w.org\/{rel}","templated":true}]}}