{"id":1705,"date":"2015-05-21T20:17:21","date_gmt":"2015-05-21T18:17:21","guid":{"rendered":"http:\/\/costa-vertical.com\/?page_id=1705"},"modified":"2015-08-04T14:53:36","modified_gmt":"2015-08-04T12:53:36","slug":"introduction_sport_climbing","status":"publish","type":"page","link":"http:\/\/costa-vertical.com\/de\/offer\/activities\/introduction_sport_climbing\/","title":{"rendered":"\u201cDrau\u00dfen ist anders\u201d \u2013 Einf\u00fchrung in das Sportklettern"},"content":{"rendered":"<p>Haben Sie gerade mit dem Klettern begonnen? M\u00f6chten Sie Ihre Erfahrung aus der Halle auf das Sportklettern am Fels \u00fcbertragen? Dann bieten wir Ihnen mit unserem Kurs \u201eDrau\u00dfen ist anders\u201c ideale Voraussetzungen. In dem 4 aus 5 Tage dauernden Kurs geben wir Ihnen das R\u00fcstzeug in Theorie und Praxis, um in Zukunft das Sportklettern sicher zu betreiben.<\/p>\n<p>Ganz egal, ob Sie als Anf\u00e4nger an diesem Kurs teilnehmen oder bereits Erfahrungen im Klettern haben, wir passen die Lerninhalte des Kurses an Ihre Bed\u00fcrfnisse an. Der Kurs beinhaltet die folgenden Kenntnisse und Fertigkeiten:<a href=\"http:\/\/costa-vertical.com\/offer\/activities\/rock-climbing-experience\/sella_sector-final_2\/#main\" rel=\"attachment wp-att-1412\"><img loading=\"lazy\" decoding=\"async\" class=\"  wp-image-1412 alignright\" src=\"http:\/\/costa-vertical.com\/wp-content\/uploads\/Sella_Sector-Final_2-510x680.jpg\" alt=\"Sella_Sector Final_2\" width=\"287\" height=\"383\" srcset=\"http:\/\/costa-vertical.com\/wp-content\/uploads\/Sella_Sector-Final_2-510x680.jpg 510w, http:\/\/costa-vertical.com\/wp-content\/uploads\/Sella_Sector-Final_2-768x1024.jpg 768w, http:\/\/costa-vertical.com\/wp-content\/uploads\/Sella_Sector-Final_2.jpg 1536w\" sizes=\"(max-width: 287px) 100vw, 287px\" \/><\/a><\/p>\n<p><strong>1) Einf\u00fchrung in die wichtigsten Ausr\u00fcstungsgegenst\u00e4nde<\/strong><\/p>\n<ul>\n<li>Kletterhelme<\/li>\n<li>Klettergurte<\/li>\n<li>Kletterschuhe<\/li>\n<li>Seilkunde<\/li>\n<li>Sicherungsger\u00e4te &#038; Karabiner<\/li>\n<li>Ausr\u00fcstungspflege<\/li>\n<\/ul>\n<p><strong>2) Seiltechniken<\/strong><\/p>\n<ul>\n<li>Einbinden in das Seil &#038; Knotenkunde<\/li>\n<li>Sichern &#038; Ablassen<\/li>\n<li>Toprope &#038; Vorstieg<\/li>\n<li>Routen abbauen (Umlenkungen &#038; Technik)<\/li>\n<\/ul>\n<p><a href=\"http:\/\/costa-vertical.com\/offer\/activities\/introduction_sport_climbing\/p1050123\/#main\" rel=\"attachment wp-att-1720\"><img loading=\"lazy\" decoding=\"async\" class=\"  wp-image-1720 alignleft\" src=\"http:\/\/costa-vertical.com\/wp-content\/uploads\/P1050123-383x680.jpg\" alt=\"Rope Work\" width=\"287\" height=\"511\" srcset=\"http:\/\/costa-vertical.com\/wp-content\/uploads\/P1050123-383x680.jpg 383w, http:\/\/costa-vertical.com\/wp-content\/uploads\/P1050123-576x1024.jpg 576w, http:\/\/costa-vertical.com\/wp-content\/uploads\/P1050123.jpg 720w\" sizes=\"(max-width: 287px) 100vw, 287px\" \/><\/a><\/p>\n<p><strong>3) Kletterkommunikation<\/strong><\/p>\n<p><strong>4) Klettertechniken<\/strong><\/p>\n<p><strong>5) Kletterf\u00fchrer- und Routeninterpretation<\/strong><\/p>\n<p>&#8230; und nat\u00fcrlich klettern, klettern und klettern&#8230;<\/p>\n<p>Costa Vertical stellt die gesamte Ausr\u00fcstung, welche f\u00fcr den Kurs notwendig ist. Allerdings m\u00f6chten wir darauf hinweisen, dass eigene Kletterschuhe sowohl aus Hygiene- als auch Komfortgr\u00fcnden sicherlich von Vorteil sind.<\/p>\n<p>Die &#8222;\u00dcbungsleiter-zu-Teilnehmer-Verh\u00e4ltnis&#8220; ist 1:4 f\u00fcr diesen Kurs.<\/p>\n<p><a title=\"Buchen\" href=\"http:\/\/costa-vertical.com\/de\/contact\/\">Buchen<\/a> Sie jetzt Ihren pers\u00f6nlichen Kurs \u201cDrau\u00dfen ist anders\u201d oder <a title=\"kontaktieren Sie uns\" href=\"http:\/\/costa-vertical.com\/de\/contact\/\">kontaktieren Sie uns<\/a> f\u00fcr weitere Informationen.<\/p>","protected":false},"excerpt":{"rendered":"<p>Haben Sie gerade mit dem Klettern begonnen? M\u00f6chten Sie Ihre Erfahrung aus der Halle auf das Sportklettern am Fels \u00fcbertragen? Dann bieten wir Ihnen mit unserem Kurs \u201eDrau\u00dfen ist anders\u201c <a class=\"more-link\" href=\"http:\/\/costa-vertical.com\/de\/offer\/activities\/introduction_sport_climbing\/\">Continue Reading \u2192<\/a><\/p>\n","protected":false},"author":4,"featured_media":1410,"parent":1086,"menu_order":0,"comment_status":"closed","ping_status":"closed","template":"","meta":{"ngg_post_thumbnail":0,"footnotes":""},"class_list":["post-1705","page","type-page","status-publish","has-post-thumbnail","hentry"],"aioseo_notices":[],"_links":{"self":[{"href":"http:\/\/costa-vertical.com\/de\/wp-json\/wp\/v2\/pages\/1705"}],"collection":[{"href":"http:\/\/costa-vertical.com\/de\/wp-json\/wp\/v2\/pages"}],"about":[{"href":"http:\/\/costa-vertical.com\/de\/wp-json\/wp\/v2\/types\/page"}],"author":[{"embeddable":true,"href":"http:\/\/costa-vertical.com\/de\/wp-json\/wp\/v2\/users\/4"}],"replies":[{"embeddable":true,"href":"http:\/\/costa-vertical.com\/de\/wp-json\/wp\/v2\/comments?post=1705"}],"version-history":[{"count":27,"href":"http:\/\/costa-vertical.com\/de\/wp-json\/wp\/v2\/pages\/1705\/revisions"}],"predecessor-version":[{"id":1780,"href":"http:\/\/costa-vertical.com\/de\/wp-json\/wp\/v2\/pages\/1705\/revisions\/1780"}],"up":[{"embeddable":true,"href":"http:\/\/costa-vertical.com\/de\/wp-json\/wp\/v2\/pages\/1086"}],"wp:featuredmedia":[{"embeddable":true,"href":"http:\/\/costa-vertical.com\/de\/wp-json\/wp\/v2\/media\/1410"}],"wp:attachment":[{"href":"http:\/\/costa-vertical.com\/de\/wp-json\/wp\/v2\/media?parent=1705"}],"curies":[{"name":"wp","href":"https:\/\/api.w.org\/{rel}","templated":true}]}}