{"id":1396,"date":"2015-03-02T01:46:38","date_gmt":"2015-03-02T00:46:38","guid":{"rendered":"http:\/\/costa-vertical.com\/?page_id=1396"},"modified":"2015-05-05T12:59:55","modified_gmt":"2015-05-05T10:59:55","slug":"day-walks","status":"publish","type":"page","link":"http:\/\/costa-vertical.com\/de\/offer\/activities\/day-walks\/","title":{"rendered":"Tageswanderungen"},"content":{"rendered":"<p>Die Costa Blanca, die f\u00fcr ihre wei\u00dfen Sandstr\u00e4nde und schroffen Buchten bekannt ist, besitzt versteckte Geheimnisse: einzigartige und sehr sch\u00f6ne Bergketten sowie deren Gipfel. Diese Berge sind als \u201cSierras\u201d bekannt.<\/p>\n<p>W\u00e4hrend unseren gef\u00fchrten Tageswanderungen geben wir Ihnen die M\u00f6glichkeit, die Sierras der Costa Blanca zu entdecken und in die einzigartige Geologie, die Fauna und Flora einzutauchen. Die Geschichte dieser Gegend ist sehr spannend, da man beispielsweise die Spuren der maurischen Besatzung nach wie vor erkennen kann.<\/p>\n<p>Alle Wanderungen k\u00f6nnen sowohl als Ganz-, als auch Halbtagestouren durchgef\u00fchrt werden.<\/p>\n<p>Die Wanderungen verlaufen teils durch alpines Gel\u00e4nde. Entsprechendes Schuhwerk sowie warme Kleidung sollten daher von jedem Teilnehmer mit ins Gep\u00e4ck genommen werden. Lunchpakete und Wasser werden von uns f\u00fcr die Ganztageswanderungen zur Verf\u00fcgung gestellt.<\/p>\n<p>Im Folgenden finden Sie eine \u00dcbersicht der aktuell verf\u00fcgbaren Routen. Wir k\u00f6nnen allerdings die Wanderungen auch an die individuellen Bed\u00fcrfnisse der Teilnehmer anpassen. <a title=\"Kontaktieren Sie uns\" href=\"http:\/\/costa-vertical.com\/de\/contact\/\">Kontaktieren Sie uns<\/a>, um eine Wanderung direkt zu buchen oder Ihre pers\u00f6nliche Tagestour zu gestalten:<\/p>\n<p><strong>* Sierra de Aitana \u2013 1558 m<br \/>\n<a href=\"http:\/\/costa-vertical.com\/offer\/activities\/day-walks\/img_8264\/#main\" rel=\"attachment wp-att-1453\"><img loading=\"lazy\" decoding=\"async\" class=\"alignleft  wp-image-1453\" src=\"http:\/\/costa-vertical.com\/wp-content\/uploads\/IMG_8264.jpg\" alt=\"Summit_Sierra Aitana\" width=\"823\" height=\"258\" srcset=\"http:\/\/costa-vertical.com\/wp-content\/uploads\/IMG_8264.jpg 1280w, http:\/\/costa-vertical.com\/wp-content\/uploads\/IMG_8264-680x213.jpg 680w, http:\/\/costa-vertical.com\/wp-content\/uploads\/IMG_8264-1024x321.jpg 1024w\" sizes=\"(max-width: 823px) 100vw, 823px\" \/><\/a><\/strong>Die Rundwanderung f\u00fchrt uns zum h\u00f6chsten Gipfel der Costa Blanca. Wir kommen an der \u201cFont de Partegat\u201d und weiteren Quellen vorbei und folgen der schroffen Nordwand des Aitanas. Auf dem Weg finden wir einige der historischen Schneeh\u00f6hlen, in denen man bis ins 19. Jahrhundert den Schnee sammelte, um damit in der warmen Jahreszeit Eis herzustellen, Lebensmittel zu konservieren und Fieber zu senken. Vom Gipfel des Aitanas hat man einen hervorragende Aussicht in die umliegenden T\u00e4ler, im Besonderen in das Tal von Guadalest.<\/p>\n<p><strong>* Puig Campana \u2013 1410 m<\/strong><\/p>\n<p><img loading=\"lazy\" decoding=\"async\" class=\"ngg-singlepic ngg-none alignright\" src=\"http:\/\/costa-vertical.com\/wp-content\/gallery\/puig-impressions\/IMG-6937.jpg\" alt=\"IMG-6937\" width=\"260\" height=\"173\" \/>Umrundung und Gipfeltour zum zweith\u00f6chsten Punkt der Costa Blanca, dem Puig Campana.<\/p>\n<p>Der Puig Campana ist ein beeindruckender Berg. Die Westseite zeigt sich rau und schroff mit einer imposanten Scharte sowie hohen und steilen Klippen. Auf der Ostseite befindet sich der Gipfel. Pinienhaine ziehen sich sanft die Flanken hinauf. Der Gipfel \u00fcberzeugt durch eine hervorragende Aussicht auf die umliegenden Berge, die K\u00fcste und den sogenannten \u201cDrachenr\u00fccken, die \u201cCresta de Castellets\u201d.<\/p>\n<p><strong>* Montcabrer \u2013 1390 m<\/strong><a href=\"http:\/\/costa-vertical.com\/offer\/activities\/day-walks\/moncabrer_panorama\/#main\" rel=\"attachment wp-att-1435\"><img loading=\"lazy\" decoding=\"async\" class=\"alignleft  wp-image-1435\" src=\"http:\/\/costa-vertical.com\/wp-content\/uploads\/Moncabrer_Panorama.jpg\" alt=\"Moncabrer_Panorama\" width=\"771\" height=\"197\" srcset=\"http:\/\/costa-vertical.com\/wp-content\/uploads\/Moncabrer_Panorama.jpg 1280w, http:\/\/costa-vertical.com\/wp-content\/uploads\/Moncabrer_Panorama-680x174.jpg 680w, http:\/\/costa-vertical.com\/wp-content\/uploads\/Moncabrer_Panorama-1024x262.jpg 1024w\" sizes=\"(max-width: 771px) 100vw, 771px\" \/><\/a><\/p>\n<p>Rundwanderung \u00fcber den Gipfel des h\u00f6chsten Berges des Parque Natural de la Sierra de Mariola.<\/p>\n<p>Diese Wanderung f\u00fchrt zuerst am Castillo (Burg) de Cocentaina vorbei, welches hoch \u00fcber der Stadt liegt, bevor man \u00fcber bewaldete H\u00e4nge mit zahlreichen nat\u00fcrlichen Quellen und bizarren Kalkformationen dem Gipfel entgegensteigt. Das Gebiet des \u201cParque Natural de la Sierra de Mariola\u201d ist f\u00fcr seine Vielfalt an Heilkr\u00e4utern, an Hainen mit den verschiedensten Laubb\u00e4umen sowie der abwechslungsreichen Fauna bekannt. Mit etwas Gl\u00fcck wird man auf dem Gipfel von den dort ans\u00e4ssigen Ziegen begr\u00fc\u00dft und kann Adler sowie Geier beobachten, die hoch \u00fcber den K\u00f6pfen der Wanderer ihre Runden ziehen.<\/p>\n<p><strong>* Cabez\u00f3n de Oro \u2013 1209 m<\/strong><\/p>\n<p>Umrundung und Gipfeltour des Cabez\u00f3n de Oro.<strong><a href=\"http:\/\/costa-vertical.com\/offer\/activities\/discover-costa-blancas-sierras\/img_8465\/#main\" rel=\"attachment wp-att-1279\"><img loading=\"lazy\" decoding=\"async\" class=\"  wp-image-1279 alignright\" src=\"http:\/\/costa-vertical.com\/wp-content\/uploads\/ngg_featured\/IMG_8465.jpg\" alt=\"Cabez\u00f3n de Oro\" width=\"260\" height=\"173\" srcset=\"http:\/\/costa-vertical.com\/wp-content\/uploads\/ngg_featured\/IMG_8465.jpg 1280w, http:\/\/costa-vertical.com\/wp-content\/uploads\/ngg_featured\/IMG_8465-680x453.jpg 680w, http:\/\/costa-vertical.com\/wp-content\/uploads\/ngg_featured\/IMG_8465-1024x682.jpg 1024w, http:\/\/costa-vertical.com\/wp-content\/uploads\/ngg_featured\/IMG_8465-400x267.jpg 400w, http:\/\/costa-vertical.com\/wp-content\/uploads\/ngg_featured\/IMG_8465-272x182.jpg 272w\" sizes=\"(max-width: 260px) 100vw, 260px\" \/><\/a><\/strong><\/p>\n<p>Diese Bergkette verl\u00e4uft von Nord nach S\u00fcd und hat einen Gipfel von ca. 1.200 Meter H\u00f6he. Diese beeindruckende Sierra weist steile Klippen auf, die sich mit Pinienw\u00e4ldern die Landschaft teilen. Am Ende der Wanderung besteht die M\u00f6glichkeit, die \u201cCanelobre\u201d-H\u00f6hlen zu besichtigen, die einzigartige Kalkformationen aufweisen, was in Spanien eine Einzigartigkeit darstellt.<\/p>\n<p><strong>* Sierra de Bernia \u2013 1126 m<br \/>\n<a href=\"http:\/\/costa-vertical.com\/offer\/activities\/day-walks\/sierra-de-bernia\/#main\" rel=\"attachment wp-att-1457\"><img loading=\"lazy\" decoding=\"async\" class=\"  wp-image-1457 alignleft\" src=\"http:\/\/costa-vertical.com\/wp-content\/uploads\/Sierra-de-Bernia.jpg\" alt=\"Sierra de Bernia\" width=\"792\" height=\"198\" srcset=\"http:\/\/costa-vertical.com\/wp-content\/uploads\/Sierra-de-Bernia.jpg 1280w, http:\/\/costa-vertical.com\/wp-content\/uploads\/Sierra-de-Bernia-680x170.jpg 680w, http:\/\/costa-vertical.com\/wp-content\/uploads\/Sierra-de-Bernia-1024x256.jpg 1024w\" sizes=\"(max-width: 792px) 100vw, 792px\" \/><\/a><\/strong>Die Bergkette der \u201cSierra de Bernia\u201d teilt die K\u00fcste und verl\u00e4uft bis nach Callosa d\u2019en Sarri\u00e0. Die Rundwanderung beinhaltet neben der Besteigung des Westgipfels die Besichtigung eines Forts aus dem 16. Jahrhundert sowie die Durchquerung eines nat\u00fcrlichen Tunnels, der durch die Basis der Bergkette verl\u00e4uft. Des Weiteren erhalten Sie bei dieser Wanderung einen ersten Eindruck \u00fcber die abwechslungsreiche Landschaft der Costa Blanca \u2013 die K\u00fcste, an der sich weite Sandstr\u00e4nde und schroffe Klippen abwechseln, sowie die gr\u00fcnen und fruchtbaren T\u00e4ler, die von schroffen Bergr\u00fccken durchbrochen werden.<\/p>","protected":false},"excerpt":{"rendered":"<p>Die Costa Blanca, die f\u00fcr ihre wei\u00dfen Sandstr\u00e4nde und schroffen Buchten bekannt ist, besitzt versteckte Geheimnisse: einzigartige und sehr sch\u00f6ne Bergketten sowie deren Gipfel. Diese Berge sind als \u201cSierras\u201d bekannt. <a class=\"more-link\" href=\"http:\/\/costa-vertical.com\/de\/offer\/activities\/day-walks\/\">Continue Reading \u2192<\/a><\/p>\n","protected":false},"author":2,"featured_media":244,"parent":1086,"menu_order":0,"comment_status":"closed","ping_status":"closed","template":"","meta":{"ngg_post_thumbnail":0,"footnotes":""},"class_list":["post-1396","page","type-page","status-publish","has-post-thumbnail","hentry"],"aioseo_notices":[],"_links":{"self":[{"href":"http:\/\/costa-vertical.com\/de\/wp-json\/wp\/v2\/pages\/1396"}],"collection":[{"href":"http:\/\/costa-vertical.com\/de\/wp-json\/wp\/v2\/pages"}],"about":[{"href":"http:\/\/costa-vertical.com\/de\/wp-json\/wp\/v2\/types\/page"}],"author":[{"embeddable":true,"href":"http:\/\/costa-vertical.com\/de\/wp-json\/wp\/v2\/users\/2"}],"replies":[{"embeddable":true,"href":"http:\/\/costa-vertical.com\/de\/wp-json\/wp\/v2\/comments?post=1396"}],"version-history":[{"count":33,"href":"http:\/\/costa-vertical.com\/de\/wp-json\/wp\/v2\/pages\/1396\/revisions"}],"predecessor-version":[{"id":1661,"href":"http:\/\/costa-vertical.com\/de\/wp-json\/wp\/v2\/pages\/1396\/revisions\/1661"}],"up":[{"embeddable":true,"href":"http:\/\/costa-vertical.com\/de\/wp-json\/wp\/v2\/pages\/1086"}],"wp:featuredmedia":[{"embeddable":true,"href":"http:\/\/costa-vertical.com\/de\/wp-json\/wp\/v2\/media\/244"}],"wp:attachment":[{"href":"http:\/\/costa-vertical.com\/de\/wp-json\/wp\/v2\/media?parent=1396"}],"curies":[{"name":"wp","href":"https:\/\/api.w.org\/{rel}","templated":true}]}}