{"id":1300,"date":"2015-01-31T16:59:30","date_gmt":"2015-01-31T15:59:30","guid":{"rendered":"http:\/\/costa-vertical.com\/?page_id=1300"},"modified":"2016-01-19T11:53:05","modified_gmt":"2016-01-19T10:53:05","slug":"discover-costa-blancas-sierras","status":"publish","type":"page","link":"http:\/\/costa-vertical.com\/de\/offer\/activities\/discover-costa-blancas-sierras\/","title":{"rendered":"Entdecke die Sierras der Costa Blanca"},"content":{"rendered":"<p><\/p>\n<p style=\"text-align: left;\"><strong>Keine Lust mehr auf den tristen Winter? Komm\u2019 zu uns in den sonnigen S\u00fcden an die Costa Blanca!<\/strong><\/p>\n<p style=\"text-align: left;\"><a title=\"BOOK NOW!\" href=\"http:\/\/costa-vertical.com\/de\/contact\/\"><span style=\"color: #ff0000;\"><strong>BUCHEN SIE JETZT<\/strong><\/span><\/a><\/p>\n<p style=\"text-align: left;\">Die Costa Blanca, die f\u00fcr ihre wei\u00dfen Sandstr\u00e4nde und schroffen Buchten bekannt ist, besitzt versteckte Geheimnisse: einzigartige und sehr sch\u00f6ne Bergketten sowie deren Gipfel. Diese Berge sind als \u201cSierras\u201d bekannt.<\/p>\n<p style=\"text-align: left;\">Unsere Wanderwoche \u201cEntdecke die Sierras der Costa Blanca\u201d geben wir Ihnen die M\u00f6glichkeit, die h\u00f6chsten und beeindruckensten Gebirgsz\u00fcge zu entdecken, sowie die malerischen D\u00f6rfer an ihren H\u00e4ngen und in den T\u00e4lern zu besuchen.<\/p>\n<p style=\"text-align: left;\"><img loading=\"lazy\" decoding=\"async\" class=\"ngg-singlepic ngg-right alignright\" src=\"http:\/\/costa-vertical.com\/wp-content\/gallery\/sanxet-wildside\/IMG_8338.jpg\" alt=\"Bernia Ridge\" width=\"323\" height=\"215\" \/> Entdecken Sie die Sierras der Costa Blanca mit all ihrer einzigartigen Geologie, ihrer Fauna und Flora. Die Geschichte dieser Gegend ist sehr spannend, da man beispielsweise die Spuren der maurischen Besatzung nach wie vor erkennen kann. Ein erfahrener Guide wird Sie jeden Tag begleiten und Ihnen die verschiedensten Gegenden zeigen. Die Agenda der Woche finden Sie hier:<\/p>\n<p style=\"text-align: left;\"><strong>TAG 1 &#8211; Anreise <\/strong><\/p>\n<p style=\"text-align: left;\">Ankunft am Flughafen in Alicante und Transfer zum Hotel<\/p>\n<p style=\"text-align: left;\"><strong>TAG 2 &#8211; Sierra de Bernia, 1126 m <\/strong><\/p>\n<p style=\"text-align: left;\">Die Bergkette der \u201cSierra de Bernia\u201d teilt die K\u00fcste und verl\u00e4uft bis nach Callosa d\u2019en Sarri\u00e0. Die Rundwanderung beinhaltet neben der Besteigung des Westgipfels die Besichtigung eines Forts aus dem 16. Jahrhundert sowie die Durchquerung eines nat\u00fcrlichen Tunnels, der durch die Basis der Bergkette verl\u00e4uft. Des Weiteren erhalten Sie bei dieser Wanderung einen ersten Eindruck \u00fcber die abwechslungs-reiche Landschaft der Costa Blanca \u2013 die K\u00fcste, an der sich weite Sandstr\u00e4nde und schroffe Klippen abwechseln, sowie die gr\u00fcnen und fruchtbaren T\u00e4ler, die von schroffen Bergr\u00fccken durchbrochen werden. <strong>\u00a0<\/strong><\/p>\n<p style=\"text-align: left;\"><strong>TAG 3 &#8211; Puig Campana, 1410 m<\/strong><strong><img loading=\"lazy\" decoding=\"async\" class=\"ngg-singlepic ngg-left alignleft\" src=\"http:\/\/costa-vertical.com\/wp-content\/gallery\/puig-impressions\/IMG-6937.jpg\" alt=\"IMG-6937\" width=\"323\" height=\"215\" \/><\/strong><\/p>\n<p style=\"text-align: left;\">Umrundung und Gipfeltour zum zweith\u00f6chsten Punkt der Costa Blanca, dem Puig Campana.<\/p>\n<p style=\"text-align: left;\">Der Puig Campana ist ein beeindruckender Berg. Die Westseite zeigt sich rau und schroff mit einer imposanten Scharte sowie hohen und steilen Klippen. Auf der Ostseite befindet sich der Gipfel. Pinienhaine ziehen sich sanft die Flanken hinauf. Der Gipfel \u00fcberzeugt durch eine hervorragende Aussicht auf die umliegenden Berge, die K\u00fcste und den sogenannten \u201cDrachenr\u00fccken, die \u201cCresta de Castellets\u201d.<\/p>\n<p style=\"text-align: left;\"><strong>TAG 4<\/strong><\/p>\n<p style=\"text-align: left;\">Dieser Tag steht zur freien Verf\u00fcgung. Alternativ bieten wir Ihnen die M\u00f6glichkeit, zwei malerische D\u00f6rfer in der Region kennenzulernen \u2013 Guadalest, welches sich auf einem markanten Felsen im Val de Guadalest angesiedelt hat sowie Altea \u2013 die \u201cwei\u00dfe Stadt\u201d &#8211; an der K\u00fcste.<\/p>\n<p><strong>TAG 5 &#8211; Cabez\u00f3n de Oro, 1209 m<\/strong><\/p>\n<p>Umrundung und Gipfeltour des \u201cCabez\u00f3n de Oro\u201d.<a href=\"http:\/\/costa-vertical.com\/offer\/activities\/discover-costa-blancas-sierras\/img_8465\/#main\" rel=\"attachment wp-att-1279\"><img loading=\"lazy\" decoding=\"async\" class=\" wp-image-1279 alignright\" src=\"http:\/\/costa-vertical.com\/wp-content\/uploads\/ngg_featured\/IMG_8465.jpg\" alt=\"IMG_8465\" width=\"321\" height=\"214\" srcset=\"http:\/\/costa-vertical.com\/wp-content\/uploads\/ngg_featured\/IMG_8465.jpg 1280w, http:\/\/costa-vertical.com\/wp-content\/uploads\/ngg_featured\/IMG_8465-680x453.jpg 680w, http:\/\/costa-vertical.com\/wp-content\/uploads\/ngg_featured\/IMG_8465-1024x682.jpg 1024w, http:\/\/costa-vertical.com\/wp-content\/uploads\/ngg_featured\/IMG_8465-400x267.jpg 400w, http:\/\/costa-vertical.com\/wp-content\/uploads\/ngg_featured\/IMG_8465-272x182.jpg 272w\" sizes=\"(max-width: 321px) 100vw, 321px\" \/><\/a> Diese Bergkette verl\u00e4uft von Nord nach S\u00fcd und hat einen Gipfel von 1.209 Metern. Diese beeindruckende Sierra weist steile Klippen auf, die sich mit Pinienw\u00e4ldern die Landschaft teilen. Am Ende der Wanderung besteht die M\u00f6glichkeit, die \u201cCanelobre\u201d-H\u00f6hlen zu besichtigen, die f\u00fcr Spanien einzigartige Kalkformationen aufweisen.<\/p>\n<p><strong>TAG 6 &#8211; Sierra de Aitana, 1558 m<\/strong><\/p>\n<p>Die letzte Wanderung unserer ereignisreichen Woche f\u00fchrt uns auf den Aitana.<\/p>\n<p>Diese Rundwanderung f\u00fchrt uns zum h\u00f6chsten Gipfel der Costa Blanca. Wir kommen an der \u201cFont de Partegat\u201d und weiteren Quellen vorbei und folgen der schroffen Nordwand des Aitanas. Auf dem Weg finden wir einige der historischen Schneeh\u00f6hlen, in denen man bis ins 19. Jahrhundert den Schnee sammelte, um damit in der warmen Jahreszeit Eis herzustellen, Lebensmittel zu konservieren und Fieber zu senken. Vom Gipfel des Aitanas hat man einen hervorragende Aussicht in die umliegenden T\u00e4ler, im Besonderen in das Tal von Guadalest.<\/p>\n<p><strong>TAG 7<\/strong> &#8211; <strong>Abreise<\/strong><\/p>\n<p>Abreise<\/p>\n<p>Diese Woche soll Ihnen eine vielf\u00e4ltigen Urlaub in einer sehr sch\u00f6nen Gegend geben. Kommen Sie als Gruppe k\u00f6nnen wir auch gerne die Woche an Ihre W\u00fcnsche anpassen. Sie sind im sch\u00f6nsten <a title=\"Landhotel\" href=\"http:\/\/costa-vertical.com\/de\/offer\/accommodation\/\">Landhotel<\/a> in Finestrat untergebracht. Ziehen Sie es jedoch vor, sich selbst zu versorgen, k\u00f6nnen wir Ihnen auch hier ein gutes Angebot unterbreiten. Nat\u00fcrlich ist bei Gruppenanreise auch das Startdatum flexibel. <a title=\"BOOK NOW!\" href=\"http:\/\/costa-vertical.com\/de\/contact\/\"><span style=\"color: #ff0000;\"><strong>BOOK NOW<\/strong><\/span><\/a><span style=\"color: #000000;\"> oder <a title=\"kontaktieren Sie uns\" href=\"http:\/\/costa-vertical.com\/de\/contact\/\">kontaktieren Sie uns<\/a> f\u00fcr weitere Informationen.<\/span> <a href=\"http:\/\/costa-vertical.com\/sanxet\/sanxet_panorama\/#main\" rel=\"attachment wp-att-1175\"><img loading=\"lazy\" decoding=\"async\" class=\" size-full wp-image-1175 alignright\" src=\"http:\/\/costa-vertical.com\/wp-content\/uploads\/Sanxet_Panorama.jpg\" alt=\"Sanxet_Panorama\" width=\"1280\" height=\"443\" srcset=\"http:\/\/costa-vertical.com\/wp-content\/uploads\/Sanxet_Panorama.jpg 1280w, http:\/\/costa-vertical.com\/wp-content\/uploads\/Sanxet_Panorama-680x235.jpg 680w, http:\/\/costa-vertical.com\/wp-content\/uploads\/Sanxet_Panorama-1024x354.jpg 1024w\" sizes=\"(max-width: 1280px) 100vw, 1280px\" \/><\/a><\/p>","protected":false},"excerpt":{"rendered":"<p>Keine Lust mehr auf den tristen Winter? Komm\u2019 zu uns in den sonnigen S\u00fcden an die Costa Blanca! BUCHEN SIE JETZT Die Costa Blanca, die f\u00fcr ihre wei\u00dfen Sandstr\u00e4nde und <a class=\"more-link\" href=\"http:\/\/costa-vertical.com\/de\/offer\/activities\/discover-costa-blancas-sierras\/\">Continue Reading \u2192<\/a><\/p>\n","protected":false},"author":2,"featured_media":244,"parent":1086,"menu_order":0,"comment_status":"closed","ping_status":"closed","template":"","meta":{"ngg_post_thumbnail":0,"footnotes":""},"class_list":["post-1300","page","type-page","status-publish","has-post-thumbnail","hentry"],"aioseo_notices":[],"_links":{"self":[{"href":"http:\/\/costa-vertical.com\/de\/wp-json\/wp\/v2\/pages\/1300"}],"collection":[{"href":"http:\/\/costa-vertical.com\/de\/wp-json\/wp\/v2\/pages"}],"about":[{"href":"http:\/\/costa-vertical.com\/de\/wp-json\/wp\/v2\/types\/page"}],"author":[{"embeddable":true,"href":"http:\/\/costa-vertical.com\/de\/wp-json\/wp\/v2\/users\/2"}],"replies":[{"embeddable":true,"href":"http:\/\/costa-vertical.com\/de\/wp-json\/wp\/v2\/comments?post=1300"}],"version-history":[{"count":44,"href":"http:\/\/costa-vertical.com\/de\/wp-json\/wp\/v2\/pages\/1300\/revisions"}],"predecessor-version":[{"id":1995,"href":"http:\/\/costa-vertical.com\/de\/wp-json\/wp\/v2\/pages\/1300\/revisions\/1995"}],"up":[{"embeddable":true,"href":"http:\/\/costa-vertical.com\/de\/wp-json\/wp\/v2\/pages\/1086"}],"wp:featuredmedia":[{"embeddable":true,"href":"http:\/\/costa-vertical.com\/de\/wp-json\/wp\/v2\/media\/244"}],"wp:attachment":[{"href":"http:\/\/costa-vertical.com\/de\/wp-json\/wp\/v2\/media?parent=1300"}],"curies":[{"name":"wp","href":"https:\/\/api.w.org\/{rel}","templated":true}]}}