{"id":1086,"date":"2014-12-23T23:41:50","date_gmt":"2014-12-23T22:41:50","guid":{"rendered":"http:\/\/costa-vertical.com\/?page_id=1086"},"modified":"2015-06-01T10:31:04","modified_gmt":"2015-06-01T08:31:04","slug":"activities","status":"publish","type":"page","link":"http:\/\/costa-vertical.com\/de\/offer\/activities\/","title":{"rendered":"Aktivit\u00e4ten"},"content":{"rendered":"<p>Die Costa Blanca bietet ideale Voraussetzungen f\u00fcr eine Vielzahl von Outdooraktivit\u00e4ten sowohl f\u00fcr Anf\u00e4nger, Fortgeschrittene als auch Profis.<\/p>\n<p><strong>Costa Vertical<\/strong> unterst\u00fctzt bei der Planung und der Durchf\u00fchrung Ihres individuellen Aktivurlaubs an der Costa Blanca.<\/p>\n<p><strong>Costa Vertical <\/strong> bietet notwendige Informationen zu den verschiedenen Outdooraktivit\u00e4ten mit Fokus auf Klettern, Wandern und Biken in der Region. Sofern <strong>Costa Vertical <\/strong> selbst in den von Ihnen gew\u00fcnschten Aktivit\u00e4ten nicht t\u00e4tig ist, vermitteln wir gerne an einen unserer Partner weiter, der diese Aktivit\u00e4ten anbietet. So sind wir in der Lage, einen an Ihren W\u00fcnschen orientierten sehr pers\u00f6nlichen Aktivurlaub zusammenzustellen.<\/p>\n<p><strong>Costa Vertical <\/strong> bietet zur Zeit die folgenden Kurse und Arrangements an:<\/p>\n<p style=\"padding-left: 30px;\"><strong><span style=\"text-decoration: underline;\">Tagestouren<\/span><\/strong><\/p>\n<p style=\"padding-left: 60px;\">* <a title=\"Tageswanderungen\" href=\"http:\/\/costa-vertical.com\/de\/offer\/activities\/day-walks\/\">Tageswanderungen<\/a><\/p>\n<p style=\"padding-left: 60px;\">* &#8222;<a title=\"Schnupperklettern\" href=\"http:\/\/costa-vertical.com\/de\/offer\/activities\/rock-climbing-experience\/\">Schnupperklettern<\/a>&#8222;<\/p>\n<p style=\"padding-left: 60px;\">* \u201c<a title=\"Downhill Bike Rides\" href=\"http:\/\/www.thedownhillbikeride.com\/\">Downhill Bike Ride<\/a>\u201d durch die \u201cSierra Aitana\u201d<\/p>\n<p style=\"padding-left: 30px;\"><strong><span style=\"text-decoration: underline;\">Kurse<\/span><\/strong><\/p>\n<p style=\"padding-left: 60px;\">* \u201c<a href=\"http:\/\/costa-vertical.com\/de\/offer\/activities\/introduction_sport_climbing\/\">Drau\u00dfen ist anders<\/a>\u201d \u2013 4 Tage in einer Woche, um das Sportklettern an richtigem Fels zu erlernen<\/p>\n<p style=\"padding-left: 60px;\">* \u201cKlettern f\u00fcr Fortgeschrittene\u201d: Du h\u00e4ngst in einem Schwierigkeitsgrad fest und wei\u00dft nicht, wie Du besser werden kannst, dann ist dieser Kurs genau das Richtige f\u00fcr Dich.<\/p>\n<p style=\"padding-left: 60px;\">* \u201cEinf\u00fchrung in das Alpinklettern\u201d<\/p>\n<p style=\"padding-left: 30px;\"><span style=\"text-decoration: underline;\"><strong>Wochenarrangements<\/strong><\/span><\/p>\n<p style=\"padding-left: 60px;\">* \u201cAbenteuerwoche\u201d \u2013 Klettern, Wandern, Canyoning, Klettersteig gehen und ein optionale Aktivit\u00e4t zur freien Auswahl<\/p>\n<p style=\"padding-left: 60px;\">* \u201c<a title=\"Sierra Walks\" href=\"http:\/\/costa-vertical.com\/de\/offer\/activities\/discover-costa-blancas-sierras\/\">Sierra Walks<\/a>\u201d \u2013 Gef\u00fchrte Wanderungen \u00fcber die sch\u00f6nsten Gipfeln und Bergr\u00fccken der Costa Blanca<\/p>\n<p style=\"padding-left: 60px;\">* \u201cKlettern &amp; Yoga\u201d \u2013 Eine Woche zum Klettern in den sch\u00f6nsten Klettergebieten der Costa Blanca und t\u00e4gliches Yoga machen Sie nicht nur zu einem besseren Sportkletterer, sondern solllen Sie auch inspirieren und Ihnen dabei helfen, in Ihrem Leben die richtige Balance zu finden.<\/p>\n<p><\/p>","protected":false},"excerpt":{"rendered":"<p>Die Costa Blanca bietet ideale Voraussetzungen f\u00fcr eine Vielzahl von Outdooraktivit\u00e4ten sowohl f\u00fcr Anf\u00e4nger, Fortgeschrittene als auch Profis. Costa Vertical unterst\u00fctzt bei der Planung und der Durchf\u00fchrung Ihres individuellen Aktivurlaubs <a class=\"more-link\" href=\"http:\/\/costa-vertical.com\/de\/offer\/activities\/\">Continue Reading \u2192<\/a><\/p>\n","protected":false},"author":2,"featured_media":0,"parent":210,"menu_order":0,"comment_status":"closed","ping_status":"closed","template":"","meta":{"ngg_post_thumbnail":0,"footnotes":""},"class_list":["post-1086","page","type-page","status-publish","hentry"],"aioseo_notices":[],"_links":{"self":[{"href":"http:\/\/costa-vertical.com\/de\/wp-json\/wp\/v2\/pages\/1086"}],"collection":[{"href":"http:\/\/costa-vertical.com\/de\/wp-json\/wp\/v2\/pages"}],"about":[{"href":"http:\/\/costa-vertical.com\/de\/wp-json\/wp\/v2\/types\/page"}],"author":[{"embeddable":true,"href":"http:\/\/costa-vertical.com\/de\/wp-json\/wp\/v2\/users\/2"}],"replies":[{"embeddable":true,"href":"http:\/\/costa-vertical.com\/de\/wp-json\/wp\/v2\/comments?post=1086"}],"version-history":[{"count":24,"href":"http:\/\/costa-vertical.com\/de\/wp-json\/wp\/v2\/pages\/1086\/revisions"}],"predecessor-version":[{"id":1747,"href":"http:\/\/costa-vertical.com\/de\/wp-json\/wp\/v2\/pages\/1086\/revisions\/1747"}],"up":[{"embeddable":true,"href":"http:\/\/costa-vertical.com\/de\/wp-json\/wp\/v2\/pages\/210"}],"wp:attachment":[{"href":"http:\/\/costa-vertical.com\/de\/wp-json\/wp\/v2\/media?parent=1086"}],"curies":[{"name":"wp","href":"https:\/\/api.w.org\/{rel}","templated":true}]}}